{"id":1150,"date":"2022-08-17T14:04:26","date_gmt":"2022-08-17T12:04:26","guid":{"rendered":"https:\/\/www.rosenfelt.eu\/coax-cables\/"},"modified":"2025-12-02T15:54:16","modified_gmt":"2025-12-02T14:54:16","slug":"koaxialkabel","status":"publish","type":"page","link":"https:\/\/www.rosenfelt.eu\/de\/koaxialkabel\/","title":{"rendered":"Koaxialkabel"},"content":{"rendered":"<div class=\"wpb-content-wrapper\"><p>[vc_row full_height=&#8220;yes&#8220; css=&#8220;.vc_custom_1659436550199{margin-top: -180px !important;}&#8220;][vc_column]\n\t\t\t<!-- START COAX REVOLUTION SLIDER 6.7.38 --><p class=\"rs-p-wp-fix\"><\/p>\n\t\t\t<rs-module-wrap id=\"rev_slider_7_1_wrapper\" data-source=\"gallery\" style=\"visibility:hidden;background:transparent;padding:0;\">\n\t\t\t\t<rs-module id=\"rev_slider_7_1\" style=\"\" data-version=\"6.7.38\">\n\t\t\t\t\t<rs-slides style=\"overflow: hidden; position: absolute;\">\n\t\t\t\t\t\t<rs-slide style=\"position: absolute;\" data-key=\"rs-12\" data-title=\"Slide\" data-duration=\"6000ms\" data-in=\"o:0;\" data-out=\"a:false;\">\n\t\t\t\t\t\t\t<img decoding=\"async\" src=\"\/\/www.rosenfelt.eu\/wp-content\/plugins\/revslider\/sr6\/assets\/assets\/dummy.png\" alt=\"Rosenfelt COAX Cable product page hero image\" title=\"Rosenfelt COAX Cable product page hero image\" width=\"2560\" height=\"1488\" class=\"rev-slidebg tp-rs-img rs-lazyload\" data-lazyload=\"\/\/test.rosenfelt.eu\/wp-content\/uploads\/2022\/08\/crossing-the-mountain-scaled.jpg\" data-bg=\"p:center bottom;\" data-no-retina>\n<!--\n\t\t\t\t\t\t\t--><rs-layer\n\t\t\t\t\t\t\t\tid=\"slider-7-slide-12-layer-3\" \n\t\t\t\t\t\t\t\tdata-type=\"image\"\n\t\t\t\t\t\t\t\tdata-rsp_ch=\"on\"\n\t\t\t\t\t\t\t\tdata-xy=\"x:c;yo:193px,193px,193px,293px;\"\n\t\t\t\t\t\t\t\tdata-text=\"w:normal;\"\n\t\t\t\t\t\t\t\tdata-dim=\"w:804px,804px,804px,511px;h:981px,981px,981px,623px;\"\n\t\t\t\t\t\t\t\tdata-frame_1=\"st:2000;sp:1000;\"\n\t\t\t\t\t\t\t\tdata-frame_999=\"o:0;st:w;sp:1000;\"\n\t\t\t\t\t\t\t\tstyle=\"z-index:10;\"\n\t\t\t\t\t\t\t><img decoding=\"async\" src=\"\/\/www.rosenfelt.eu\/wp-content\/plugins\/revslider\/sr6\/assets\/assets\/dummy.png\" alt=\"Rosenfelt COAX product image for the slider\" class=\"tp-rs-img rs-lazyload\" width=\"418\" height=\"510\" data-lazyload=\"\/\/www.rosenfelt.eu\/wp-content\/uploads\/2022\/08\/Rosenfelt-COAX-productafbeelding-voor-in-de-slider.png\" data-no-retina> \n\t\t\t\t\t\t\t<\/rs-layer><!--\n\n\t\t\t\t\t\t\t--><rs-layer\n\t\t\t\t\t\t\t\tid=\"slider-7-slide-12-layer-5\" \n\t\t\t\t\t\t\t\tdata-type=\"shape\"\n\t\t\t\t\t\t\t\tdata-rsp_ch=\"on\"\n\t\t\t\t\t\t\t\tdata-text=\"w:normal;\"\n\t\t\t\t\t\t\t\tdata-dim=\"w:100%;h:100%;\"\n\t\t\t\t\t\t\t\tdata-basealign=\"slide\"\n\t\t\t\t\t\t\t\tdata-frame_999=\"o:0;st:w;\"\n\t\t\t\t\t\t\t\tstyle=\"z-index:6;background-color:rgba(0,0,0,0.25);\"\n\t\t\t\t\t\t\t><rs-bg-elem style=\"background: url('\/\/www.rosenfelt.eu\/wp-content\/uploads\/2022\/08\/winter-times-long-distanse-scaled.jpg') no-repeat center center; background-size: cover;\"><\/rs-bg-elem>\n \n\t\t\t\t\t\t\t<\/rs-layer><!--\n\n\t\t\t\t\t\t\t--><rs-layer\n\t\t\t\t\t\t\t\tid=\"slider-7-slide-12-layer-6\" \n\t\t\t\t\t\t\t\tdata-type=\"shape\"\n\t\t\t\t\t\t\t\tdata-rsp_ch=\"on\"\n\t\t\t\t\t\t\t\tdata-xy=\"y:b;\"\n\t\t\t\t\t\t\t\tdata-text=\"w:normal;\"\n\t\t\t\t\t\t\t\tdata-dim=\"w:100%;h:128px,128px,128px,82px;\"\n\t\t\t\t\t\t\t\tdata-basealign=\"slide\"\n\t\t\t\t\t\t\t\tdata-frame_999=\"o:0;st:w;\"\n\t\t\t\t\t\t\t\tstyle=\"z-index:7;background-color:#ffffff;\"\n\t\t\t\t\t\t\t> \n\t\t\t\t\t\t\t<\/rs-layer><!--\n\n\t\t\t\t\t\t\t--><rs-layer\n\t\t\t\t\t\t\t\tid=\"slider-7-slide-12-layer-7\" \n\t\t\t\t\t\t\t\tdata-type=\"text\"\n\t\t\t\t\t\t\t\tdata-rsp_ch=\"on\"\n\t\t\t\t\t\t\t\tdata-xy=\"x:c;y:m;yo:-101px,-101px,-101px,-173px;\"\n\t\t\t\t\t\t\t\tdata-text=\"w:nowrap;s:50;l:60;ls:-2px,-2px,-2px,0px;fw:700;a:center;\"\n\t\t\t\t\t\t\t\tdata-dim=\"w:925px,925px,925px,357px;\"\n\t\t\t\t\t\t\t\tdata-frame_0=\"y:50,50,50,19;\"\n\t\t\t\t\t\t\t\tdata-frame_1=\"st:1000;sp:1000;\"\n\t\t\t\t\t\t\t\tdata-frame_999=\"y:-50,-50,-50,-19;o:0;st:w;sp:1000;\"\n\t\t\t\t\t\t\t\tstyle=\"z-index:8;font-family:'Roboto';\"\n\t\t\t\t\t\t\t>KOAXIALKABEL \n\t\t\t\t\t\t\t<\/rs-layer><!--\n\n\t\t\t\t\t\t\t--><rs-layer\n\t\t\t\t\t\t\t\tid=\"slider-7-slide-12-layer-8\" \n\t\t\t\t\t\t\t\tdata-type=\"text\"\n\t\t\t\t\t\t\t\tdata-rsp_ch=\"on\"\n\t\t\t\t\t\t\t\tdata-xy=\"x:c;y:m;yo:-41px,-41px,-41px,-92px;\"\n\t\t\t\t\t\t\t\tdata-text=\"w:normal;fw:500;a:center;\"\n\t\t\t\t\t\t\t\tdata-dim=\"w:671px,671px,671px,280px;\"\n\t\t\t\t\t\t\t\tdata-frame_1=\"st:2000;sp:1000;\"\n\t\t\t\t\t\t\t\tdata-frame_999=\"o:0;st:w;sp:1000;\"\n\t\t\t\t\t\t\t\tstyle=\"z-index:9;font-family:'Roboto';\"\n\t\t\t\t\t\t\t>Kein Ort ist zu weit entfernt, unsere Kabel erreichen auch die entlegensten Orte. \n\t\t\t\t\t\t\t<\/rs-layer><!--\n-->\t\t\t\t\t<\/rs-slide>\n\t\t\t\t\t<\/rs-slides>\n\t\t\t\t\t<rs-static-layers><!--\n\t\t\t\t\t--><\/rs-static-layers>\n\t\t\t\t<\/rs-module>\n\t\t\t\t<script>\n\t\t\t\t\tsetREVStartSize({c: 'rev_slider_7_1',rl:[1240,1240,1240,480],el:[900,900,900,720],gw:[1240,1240,1240,480],gh:[900,900,900,720],type:'standard',justify:'',layout:'fullscreen',offsetContainer:'',offset:'',mh:\"0\"});if (window.RS_MODULES!==undefined && window.RS_MODULES.modules!==undefined && window.RS_MODULES.modules[\"revslider71\"]!==undefined) {window.RS_MODULES.modules[\"revslider71\"].once = false;window.revapi7 = undefined;if (window.RS_MODULES.checkMinimal!==undefined) window.RS_MODULES.checkMinimal()}\n\t\t\t\t<\/script>\n\t\t\t<\/rs-module-wrap>\n\t\t\t<!-- END REVOLUTION SLIDER -->\n[\/vc_column][\/vc_row][vc_row css=&#8220;.vc_custom_1660735463285{margin-top: -50px !important;}&#8220;][vc_column][vc_row_inner][vc_column_inner width=&#8220;1\/6&#8243;][\/vc_column_inner][vc_column_inner width=&#8220;2\/3&#8243;][vc_column_text css=&#8220;.vc_custom_1668002523556{margin-top: -50px !important;}&#8220;]<\/p>\n<p style=\"text-align: left;\">Rosenfelt Koaxialkabel sind speziell f\u00fcr den Einsatz auf GSM-Frequenzen von 700 bis 3500 MHz entwickelt. Dadurch ist der Verlust im Kabel sehr gering. Wir haben f\u00fcr jede Anwendung ein spezielles Kabel. F\u00fcr kurze Strecken k\u00f6nnen Sie die flexiblen 5D-Kabel verwenden. F\u00fcr Entfernungen von 15 Metern oder mehr haben wir die 7D-Kabel entwickelt. Und f\u00fcr Entfernungen, bei denen der Verlust so gering wie m\u00f6glich gehalten werden muss, gibt es das verlustarme 12D Ultra-Kabel.<\/p>\n<p style=\"text-align: left;\">Rosenfelt-Koaxialkabel leiten elektrische Signale mit Hilfe eines Innenleiters (in der Regel ein massiver Kupferdraht oder eine kupferbeschichtete Stahllitze), der von einer Isolierschicht umgeben und von einer Abschirmung umschlossen ist, die in der Regel aus einer bis vier Schichten Metallgeflecht und Metallband besteht. Das Kabel ist durch einen \u00e4u\u00dferen Isoliermantel gesch\u00fctzt.<\/p>\n<p>[\/vc_column_text]<div class=\"boc_spacing \" style=\"height: 20px\"><\/div>[\/vc_column_inner][vc_column_inner width=&#8220;1\/6&#8243;][\/vc_column_inner][\/vc_row_inner][\/vc_column][\/vc_row][vc_row full_width=&#8220;stretch_row&#8220; bg_type=&#8220;bg_color&#8220; bg_color_value=&#8220;#edeff2&#8243; css=&#8220;.vc_custom_1665740486817{padding-top: 70px !important;padding-bottom: 70px !important;}&#8220;][vc_column][vc_column_text]<strong>Werfen Sie einen Blick auf unsere Koaxialkabel<\/strong>[\/vc_column_text][vc_row_inner equal_height=&#8220;yes&#8220;][vc_column_inner width=&#8220;1\/3&#8243;][vc_single_image img_size=&#8220;large&#8220; alignment=&#8220;center&#8220; onclick=&#8220;custom_link&#8220; img_link_target=&#8220;_blank&#8220; css=&#8220;.vc_custom_1764685929191{background-color: #FFFFFF !important;border-radius: 35px !important;}&#8220; image=&#8220;597&#8243; el_class=&#8220;productimage&#8220; link=&#8220;https:\/\/www.gsm-repeater-shop.de\/zubeh%C3%B6r\/koaxialkabel.html&#8220;][vc_column_text el_class=&#8220;titlebuttonsameline&#8220;]<strong>KOAXIALKABEL 5D<\/strong><br \/>\nverlustarmes Kabel<br \/>\nverf\u00fcgbare L\u00e4nge:<br \/>\n1, 5 &amp; 10 Meter[\/vc_column_text]<a\thref=\"https:\/\/www.gsm-repeater-shop.de\/zubeh%C3%B6r\/koaxialkabel.html\" \n\t\t\t\tclass=\"button btn_medium btn_theme_color btn_rounded btn_3d    titlebuttonsameline\"  target='_blank'><span>mehr Informationen<\/span><\/a>[\/vc_column_inner][vc_column_inner width=&#8220;1\/3&#8243;][vc_single_image img_size=&#8220;large&#8220; alignment=&#8220;center&#8220; onclick=&#8220;custom_link&#8220; img_link_target=&#8220;_blank&#8220; css=&#8220;.vc_custom_1764685937715{background-color: #FFFFFF !important;border-radius: 35px !important;}&#8220; image=&#8220;559&#8243; el_class=&#8220;productimage&#8220; link=&#8220;https:\/\/www.gsm-repeater-shop.de\/zubeh%C3%B6r\/koaxialkabel.html&#8220;][vc_column_text el_class=&#8220;titlebuttonsameline&#8220;]<strong>KOAXIALKABEL 7D<br \/>\n<\/strong>Verlustarmes Kabel<br \/>\nverf\u00fcgbare L\u00e4nge:<br \/>\n15, 20, 30, 50 und 100 Meter[\/vc_column_text]<a\thref=\"https:\/\/www.gsm-repeater-shop.de\/zubeh%C3%B6r\/koaxialkabel.html\" \n\t\t\t\tclass=\"button btn_medium btn_theme_color btn_rounded btn_3d    titlebuttonsameline\"  target='_blank'><span>mehr Informationen<\/span><\/a>[\/vc_column_inner][vc_column_inner width=&#8220;1\/3&#8243;][vc_single_image img_size=&#8220;large&#8220; alignment=&#8220;center&#8220; onclick=&#8220;custom_link&#8220; img_link_target=&#8220;_blank&#8220; css=&#8220;.vc_custom_1764685947397{background-color: #FFFFFF !important;border-radius: 35px !important;}&#8220; image=&#8220;557&#8243; el_class=&#8220;productimage&#8220; link=&#8220;https:\/\/www.gsm-repeater-shop.de\/zubeh%C3%B6r\/koaxialkabel.html&#8220;][vc_column_text el_class=&#8220;titlebuttonsameline&#8220;]<strong>KOAXIALKABEL 12D<br \/>\n<\/strong>Verlustarmes Kabel<br \/>\nverf\u00fcgbare L\u00e4nge:<br \/>\n100 Meter[\/vc_column_text]<a\thref=\"https:\/\/www.gsm-repeater-shop.de\/zubeh%C3%B6r\/koaxialkabel.html\" \n\t\t\t\tclass=\"button btn_medium btn_theme_color btn_rounded btn_3d    titlebuttonsameline\"  target='_blank'><span>mehr Informationen<\/span><\/a>[\/vc_column_inner][\/vc_row_inner][\/vc_column][\/vc_row][vc_row full_width=&#8220;stretch_row&#8220; bg_type=&#8220;bg_color&#8220; bg_color_value=&#8220;#1a1a1a&#8220; css=&#8220;.vc_custom_1665737337034{margin-top: -50px !important;margin-bottom: -50px !important;padding-top: 30px !important;padding-bottom: 105px !important;}&#8220;][vc_column][vc_row_inner][vc_column_inner]<div class=\"boc_divider_holder\"><div class=\"boc_divider  \"  style=\"margin-bottom: 20px;height: 1px;background: #e21f1d;\"><\/div><\/div>[\/vc_column_inner][\/vc_row_inner][vc_row_inner][vc_column_inner width=&#8220;1\/2&#8243; css=&#8220;.vc_custom_1665736661324{padding-right: 50px !important;padding-left: 50px !important;}&#8220;][vc_column_text]<\/p>\n<p style=\"color: #ffffff; text-align: left;\"><strong>\u00dcber uns<\/strong><\/p>\n<p style=\"color: #ffffff; text-align: left;\">Unsere Rosenfelt-Produkte werden in mehr als 50 L\u00e4ndern verkauft. Wir arbeiten ohne Grenzen in der ganzen Welt!<\/p>\n<p style=\"color: #ffffff; text-align: left;\">Rosenfelt wurde 2013 in Amsterdam, Niederlande, gegr\u00fcndet. Aus der Ver\u00e4rgerung \u00fcber den schlechten Mobilfunkempfang im B\u00fcro entstand die Notwendigkeit, hochwertige Ger\u00e4te zu entwickeln, um dieses Problem zu l\u00f6sen.<\/p>\n<p style=\"color: #ffffff; text-align: left;\">Dies war der Beginn der Produktlinie Rosenfelt GSM Repeater Systems &amp; Accessories. Die Produkte von Rosenfelt wurden auf dem Markt sehr gut aufgenommen und bald in ganz Europa verkauft. Inzwischen werden Rosenfelt-Produkte in mehr als 50 L\u00e4ndern weltweit erfolgreich verkauft.<\/p>\n<p>[\/vc_column_text]<div class=\"boc_spacing \" style=\"height: 20px\"><\/div>[\/vc_column_inner][vc_column_inner width=&#8220;1\/2&#8243; css=&#8220;.vc_custom_1665736666134{padding-right: 50px !important;padding-left: 50px !important;}&#8220;][vc_column_text css=&#8220;&#8220;]<\/p>\n<p style=\"color: #ffffff; text-align: left;\"><span style=\"color: #ffffff;\"><strong>Kontakt<\/strong><\/span><\/p>\n<p style=\"color: #ffffff; text-align: left;\"><span style=\"color: #ffffff;\">Sind Sie an unseren Produkten interessiert? Alle unsere Produkte werden ausschlie\u00dflich \u00fcber den <span style=\"color: #e21f1d;\"><a style=\"color: #e21f1d;\" href=\"https:\/\/www.gsm-repeater-shop.de\/\" target=\"_blank\" rel=\"noopener\">GSM Repeater Shop<\/a><\/span>\u00a0 verkauft.<\/span><\/p>\n<p style=\"color: #ffffff; text-align: left;\"><span style=\"color: #ffffff;\">F\u00fcllen Sie Ihre vollst\u00e4ndigen Angaben aus und wir werden uns mit Ihnen in Verbindung setzen.<\/span><\/p>\n<p style=\"color: #ffffff; text-align: left;\"><span style=\"color: #ffffff;\">E-Mail:<\/span><br \/>\n<span style=\"color: #ffffff;\"><a style=\"color: #ffffff;\" href=\"mailto:info@rosenfelt.eu\">info@rosenfelt.eu<\/a><\/span><\/p>\n<p style=\"color: #ffffff; text-align: left;\"><span style=\"color: #ffffff;\">Rufnummer:<\/span><br \/>\n<span style=\"color: #ffffff;\"><a style=\"color: #ffffff;\" href=\"tel:+49 3412 38 70 048\">+49 3412 38 70 048<\/a><\/span><\/p>\n<p>[\/vc_column_text]<div class=\"boc_spacing \" style=\"height: 20px\"><\/div>[\/vc_column_inner][\/vc_row_inner][\/vc_column][\/vc_row]<\/p>\n<\/div>","protected":false},"excerpt":{"rendered":"<p>[vc_row full_height=&#8220;yes&#8220; css=&#8220;.vc_custom_1659436550199{margin-top: -180px !important;}&#8220;][vc_column][\/vc_column][\/vc_row][vc_row css=&#8220;.vc_custom_1660735463285{margin-top: -50px !important;}&#8220;][vc_column][vc_row_inner][vc_column_inner width=&#8220;1\/6&#8243;][\/vc_column_inner][vc_column_inner width=&#8220;2\/3&#8243;][vc_column_text css=&#8220;.vc_custom_1668002523556{margin-top: -50px !important;}&#8220;] Rosenfelt Koaxialkabel sind speziell f\u00fcr den Einsatz auf GSM-Frequenzen von 700 bis 3500 MHz entwickelt. Dadurch ist der Verlust im Kabel sehr gering. Wir haben f\u00fcr jede Anwendung ein spezielles Kabel. F\u00fcr kurze Strecken k\u00f6nnen Sie die flexiblen 5D-Kabel verwenden. F\u00fcr Entfernungen von 15 Metern oder mehr<\/p>\n<div class=\"h10\"><\/div>\n<p><a class=\"more-link1\" href=\"https:\/\/www.rosenfelt.eu\/de\/koaxialkabel\/\">Read more<\/a><\/p>\n","protected":false},"author":1,"featured_media":0,"parent":0,"menu_order":0,"comment_status":"closed","ping_status":"closed","template":"","meta":{"footnotes":""},"class_list":["post-1150","page","type-page","status-publish","hentry"],"yoast_head":"<!-- This site is optimized with the Yoast SEO plugin v26.4 - https:\/\/yoast.com\/wordpress\/plugins\/seo\/ -->\n<title>Koaxialkabel - Rosenfelt<\/title>\n<meta name=\"robots\" content=\"index, follow, max-snippet:-1, max-image-preview:large, max-video-preview:-1\" \/>\n<link rel=\"canonical\" href=\"https:\/\/www.rosenfelt.eu\/de\/koaxialkabel\/\" \/>\n<meta property=\"og:locale\" content=\"de_DE\" \/>\n<meta property=\"og:type\" content=\"article\" \/>\n<meta property=\"og:title\" content=\"Koaxialkabel - Rosenfelt\" \/>\n<meta property=\"og:description\" content=\"[vc_row full_height=&#8220;yes&#8220; css=&#8220;.vc_custom_1659436550199{margin-top: -180px !important;}&#8220;][vc_column][\/vc_column][\/vc_row][vc_row css=&#8220;.vc_custom_1660735463285{margin-top: -50px !important;}&#8220;][vc_column][vc_row_inner][vc_column_inner width=&#8220;1\/6&#8243;][\/vc_column_inner][vc_column_inner width=&#8220;2\/3&#8243;][vc_column_text css=&#8220;.vc_custom_1668002523556{margin-top: -50px !important;}&#8220;] Rosenfelt Koaxialkabel sind speziell f\u00fcr den Einsatz auf GSM-Frequenzen von 700 bis 3500 MHz entwickelt. Dadurch ist der Verlust im Kabel sehr gering. Wir haben f\u00fcr jede Anwendung ein spezielles Kabel. F\u00fcr kurze Strecken k\u00f6nnen Sie die flexiblen 5D-Kabel verwenden. F\u00fcr Entfernungen von 15 Metern oder mehrRead more\" \/>\n<meta property=\"og:url\" content=\"https:\/\/www.rosenfelt.eu\/de\/koaxialkabel\/\" \/>\n<meta property=\"og:site_name\" content=\"Rosenfelt\" \/>\n<meta property=\"article:modified_time\" content=\"2025-12-02T14:54:16+00:00\" \/>\n<meta name=\"twitter:card\" content=\"summary_large_image\" \/>\n<meta name=\"twitter:label1\" content=\"Gesch\u00e4tzte Lesezeit\" \/>\n\t<meta name=\"twitter:data1\" content=\"3\u00a0Minuten\" \/>\n<script type=\"application\/ld+json\" class=\"yoast-schema-graph\">{\"@context\":\"https:\/\/schema.org\",\"@graph\":[{\"@type\":\"WebPage\",\"@id\":\"https:\/\/www.rosenfelt.eu\/de\/koaxialkabel\/\",\"url\":\"https:\/\/www.rosenfelt.eu\/de\/koaxialkabel\/\",\"name\":\"Koaxialkabel - Rosenfelt\",\"isPartOf\":{\"@id\":\"https:\/\/www.rosenfelt.eu\/de\/#website\"},\"datePublished\":\"2022-08-17T12:04:26+00:00\",\"dateModified\":\"2025-12-02T14:54:16+00:00\",\"breadcrumb\":{\"@id\":\"https:\/\/www.rosenfelt.eu\/de\/koaxialkabel\/#breadcrumb\"},\"inLanguage\":\"de\",\"potentialAction\":[{\"@type\":\"ReadAction\",\"target\":[\"https:\/\/www.rosenfelt.eu\/de\/koaxialkabel\/\"]}]},{\"@type\":\"BreadcrumbList\",\"@id\":\"https:\/\/www.rosenfelt.eu\/de\/koaxialkabel\/#breadcrumb\",\"itemListElement\":[{\"@type\":\"ListItem\",\"position\":1,\"name\":\"Home\",\"item\":\"https:\/\/www.rosenfelt.eu\/de\/\"},{\"@type\":\"ListItem\",\"position\":2,\"name\":\"Koaxialkabel\"}]},{\"@type\":\"WebSite\",\"@id\":\"https:\/\/www.rosenfelt.eu\/de\/#website\",\"url\":\"https:\/\/www.rosenfelt.eu\/de\/\",\"name\":\"Rosenfelt\",\"description\":\"GSM Repeater Systems &amp; Accessories\",\"publisher\":{\"@id\":\"https:\/\/www.rosenfelt.eu\/de\/#organization\"},\"potentialAction\":[{\"@type\":\"SearchAction\",\"target\":{\"@type\":\"EntryPoint\",\"urlTemplate\":\"https:\/\/www.rosenfelt.eu\/de\/?s={search_term_string}\"},\"query-input\":{\"@type\":\"PropertyValueSpecification\",\"valueRequired\":true,\"valueName\":\"search_term_string\"}}],\"inLanguage\":\"de\"},{\"@type\":\"Organization\",\"@id\":\"https:\/\/www.rosenfelt.eu\/de\/#organization\",\"name\":\"Rosenfelt\",\"url\":\"https:\/\/www.rosenfelt.eu\/de\/\",\"logo\":{\"@type\":\"ImageObject\",\"inLanguage\":\"de\",\"@id\":\"https:\/\/www.rosenfelt.eu\/de\/#\/schema\/logo\/image\/\",\"url\":\"https:\/\/www.rosenfelt.eu\/wp-content\/uploads\/2022\/08\/rosenfelt-logo-1.png\",\"contentUrl\":\"https:\/\/www.rosenfelt.eu\/wp-content\/uploads\/2022\/08\/rosenfelt-logo-1.png\",\"width\":250,\"height\":99,\"caption\":\"Rosenfelt\"},\"image\":{\"@id\":\"https:\/\/www.rosenfelt.eu\/de\/#\/schema\/logo\/image\/\"}}]}<\/script>\n<!-- \/ Yoast SEO plugin. -->","yoast_head_json":{"title":"Koaxialkabel - Rosenfelt","robots":{"index":"index","follow":"follow","max-snippet":"max-snippet:-1","max-image-preview":"max-image-preview:large","max-video-preview":"max-video-preview:-1"},"canonical":"https:\/\/www.rosenfelt.eu\/de\/koaxialkabel\/","og_locale":"de_DE","og_type":"article","og_title":"Koaxialkabel - Rosenfelt","og_description":"[vc_row full_height=&#8220;yes&#8220; css=&#8220;.vc_custom_1659436550199{margin-top: -180px !important;}&#8220;][vc_column][\/vc_column][\/vc_row][vc_row css=&#8220;.vc_custom_1660735463285{margin-top: -50px !important;}&#8220;][vc_column][vc_row_inner][vc_column_inner width=&#8220;1\/6&#8243;][\/vc_column_inner][vc_column_inner width=&#8220;2\/3&#8243;][vc_column_text css=&#8220;.vc_custom_1668002523556{margin-top: -50px !important;}&#8220;] Rosenfelt Koaxialkabel sind speziell f\u00fcr den Einsatz auf GSM-Frequenzen von 700 bis 3500 MHz entwickelt. Dadurch ist der Verlust im Kabel sehr gering. Wir haben f\u00fcr jede Anwendung ein spezielles Kabel. F\u00fcr kurze Strecken k\u00f6nnen Sie die flexiblen 5D-Kabel verwenden. F\u00fcr Entfernungen von 15 Metern oder mehrRead more","og_url":"https:\/\/www.rosenfelt.eu\/de\/koaxialkabel\/","og_site_name":"Rosenfelt","article_modified_time":"2025-12-02T14:54:16+00:00","twitter_card":"summary_large_image","twitter_misc":{"Gesch\u00e4tzte Lesezeit":"3\u00a0Minuten"},"schema":{"@context":"https:\/\/schema.org","@graph":[{"@type":"WebPage","@id":"https:\/\/www.rosenfelt.eu\/de\/koaxialkabel\/","url":"https:\/\/www.rosenfelt.eu\/de\/koaxialkabel\/","name":"Koaxialkabel - Rosenfelt","isPartOf":{"@id":"https:\/\/www.rosenfelt.eu\/de\/#website"},"datePublished":"2022-08-17T12:04:26+00:00","dateModified":"2025-12-02T14:54:16+00:00","breadcrumb":{"@id":"https:\/\/www.rosenfelt.eu\/de\/koaxialkabel\/#breadcrumb"},"inLanguage":"de","potentialAction":[{"@type":"ReadAction","target":["https:\/\/www.rosenfelt.eu\/de\/koaxialkabel\/"]}]},{"@type":"BreadcrumbList","@id":"https:\/\/www.rosenfelt.eu\/de\/koaxialkabel\/#breadcrumb","itemListElement":[{"@type":"ListItem","position":1,"name":"Home","item":"https:\/\/www.rosenfelt.eu\/de\/"},{"@type":"ListItem","position":2,"name":"Koaxialkabel"}]},{"@type":"WebSite","@id":"https:\/\/www.rosenfelt.eu\/de\/#website","url":"https:\/\/www.rosenfelt.eu\/de\/","name":"Rosenfelt","description":"GSM Repeater Systems &amp; Accessories","publisher":{"@id":"https:\/\/www.rosenfelt.eu\/de\/#organization"},"potentialAction":[{"@type":"SearchAction","target":{"@type":"EntryPoint","urlTemplate":"https:\/\/www.rosenfelt.eu\/de\/?s={search_term_string}"},"query-input":{"@type":"PropertyValueSpecification","valueRequired":true,"valueName":"search_term_string"}}],"inLanguage":"de"},{"@type":"Organization","@id":"https:\/\/www.rosenfelt.eu\/de\/#organization","name":"Rosenfelt","url":"https:\/\/www.rosenfelt.eu\/de\/","logo":{"@type":"ImageObject","inLanguage":"de","@id":"https:\/\/www.rosenfelt.eu\/de\/#\/schema\/logo\/image\/","url":"https:\/\/www.rosenfelt.eu\/wp-content\/uploads\/2022\/08\/rosenfelt-logo-1.png","contentUrl":"https:\/\/www.rosenfelt.eu\/wp-content\/uploads\/2022\/08\/rosenfelt-logo-1.png","width":250,"height":99,"caption":"Rosenfelt"},"image":{"@id":"https:\/\/www.rosenfelt.eu\/de\/#\/schema\/logo\/image\/"}}]}},"_links":{"self":[{"href":"https:\/\/www.rosenfelt.eu\/de\/wp-json\/wp\/v2\/pages\/1150","targetHints":{"allow":["GET"]}}],"collection":[{"href":"https:\/\/www.rosenfelt.eu\/de\/wp-json\/wp\/v2\/pages"}],"about":[{"href":"https:\/\/www.rosenfelt.eu\/de\/wp-json\/wp\/v2\/types\/page"}],"author":[{"embeddable":true,"href":"https:\/\/www.rosenfelt.eu\/de\/wp-json\/wp\/v2\/users\/1"}],"replies":[{"embeddable":true,"href":"https:\/\/www.rosenfelt.eu\/de\/wp-json\/wp\/v2\/comments?post=1150"}],"version-history":[{"count":8,"href":"https:\/\/www.rosenfelt.eu\/de\/wp-json\/wp\/v2\/pages\/1150\/revisions"}],"predecessor-version":[{"id":1479,"href":"https:\/\/www.rosenfelt.eu\/de\/wp-json\/wp\/v2\/pages\/1150\/revisions\/1479"}],"wp:attachment":[{"href":"https:\/\/www.rosenfelt.eu\/de\/wp-json\/wp\/v2\/media?parent=1150"}],"curies":[{"name":"wp","href":"https:\/\/api.w.org\/{rel}","templated":true}]}}