{"id":1118,"date":"2022-08-03T12:42:54","date_gmt":"2022-08-03T10:42:54","guid":{"rendered":"https:\/\/www.rosenfelt.eu\/contact-us-2\/"},"modified":"2025-11-26T12:51:27","modified_gmt":"2025-11-26T11:51:27","slug":"contact","status":"publish","type":"page","link":"https:\/\/www.rosenfelt.eu\/fr\/contact\/","title":{"rendered":"Contact"},"content":{"rendered":"<div class=\"wpb-content-wrapper\"><p>[vc_row full_height=\u00a0\u00bbyes\u00a0\u00bb css=\u00a0\u00bb.vc_custom_1659436550199{margin-top: -180px !important;}\u00a0\u00bb][vc_column]\n\t\t\t<!-- START Contact FR REVOLUTION SLIDER 6.7.38 --><p class=\"rs-p-wp-fix\"><\/p>\n\t\t\t<rs-module-wrap id=\"rev_slider_20_1_wrapper\" data-source=\"gallery\" style=\"visibility:hidden;background:transparent;padding:0;\">\n\t\t\t\t<rs-module id=\"rev_slider_20_1\" style=\"\" data-version=\"6.7.38\">\n\t\t\t\t\t<rs-slides style=\"overflow: hidden; position: absolute;\">\n\t\t\t\t\t\t<rs-slide style=\"position: absolute;\" data-key=\"rs-33\" data-title=\"Slide\" data-duration=\"6000ms\" data-in=\"o:0;\" data-out=\"a:false;\">\n\t\t\t\t\t\t\t<img decoding=\"async\" src=\"\/\/www.rosenfelt.eu\/wp-content\/plugins\/revslider\/sr6\/assets\/assets\/dummy.png\" alt=\"Rosenfelt contact page Hero image\" title=\"Rosenfelt contact page Hero image\" width=\"2560\" height=\"1626\" class=\"rev-slidebg tp-rs-img rs-lazyload\" data-lazyload=\"\/\/test.rosenfelt.eu\/wp-content\/uploads\/2022\/08\/Train-in-snowy-mountains-scaled.jpg\" data-bg=\"p:center bottom;\" data-no-retina>\n<!--\n\t\t\t\t\t\t\t--><rs-layer\n\t\t\t\t\t\t\t\tid=\"slider-20-slide-33-layer-5\" \n\t\t\t\t\t\t\t\tdata-type=\"shape\"\n\t\t\t\t\t\t\t\tdata-rsp_ch=\"on\"\n\t\t\t\t\t\t\t\tdata-xy=\"x:c;y:m;\"\n\t\t\t\t\t\t\t\tdata-text=\"w:normal;\"\n\t\t\t\t\t\t\t\tdata-dim=\"w:100%;h:100%;\"\n\t\t\t\t\t\t\t\tdata-basealign=\"slide\"\n\t\t\t\t\t\t\t\tdata-frame_999=\"o:0;st:w;sR:8700;\"\n\t\t\t\t\t\t\t\tstyle=\"z-index:9;background-color:rgba(0,0,0,0.25);\"\n\t\t\t\t\t\t\t><rs-bg-elem style=\"background: url('\/\/www.rosenfelt.eu\/wp-content\/uploads\/2022\/08\/Rosenfelt-hero-afbeelding-Homepagina-grote-stad-scaled.jpg') no-repeat center center; background-size: cover;\"><\/rs-bg-elem>\n \n\t\t\t\t\t\t\t<\/rs-layer><!--\n\n\t\t\t\t\t\t\t--><rs-layer\n\t\t\t\t\t\t\t\tid=\"slider-20-slide-33-layer-7\" \n\t\t\t\t\t\t\t\tdata-type=\"text\"\n\t\t\t\t\t\t\t\tdata-rsp_ch=\"on\"\n\t\t\t\t\t\t\t\tdata-xy=\"x:c;y:m;yo:0,0,0,-99px;\"\n\t\t\t\t\t\t\t\tdata-text=\"w:nowrap;s:50,50,50,32;l:60,60,60,40;ls:-2px,-2px,-2px,0px;fw:700;a:center;\"\n\t\t\t\t\t\t\t\tdata-dim=\"w:925px,925px,925px,357px;\"\n\t\t\t\t\t\t\t\tdata-frame_0=\"y:50,50,50,19;\"\n\t\t\t\t\t\t\t\tdata-frame_1=\"st:1000;sp:1000;\"\n\t\t\t\t\t\t\t\tdata-frame_999=\"y:-50,-50,-50,-19;o:0;st:w;sp:1000;\"\n\t\t\t\t\t\t\t\tstyle=\"z-index:10;font-family:'Roboto';\"\n\t\t\t\t\t\t\t>L'UN DE NOS PRODUITS VOUS INT\u00c9RESSE ? \n\t\t\t\t\t\t\t<\/rs-layer><!--\n\n\t\t\t\t\t\t\t--><rs-layer\n\t\t\t\t\t\t\t\tid=\"slider-20-slide-33-layer-8\" \n\t\t\t\t\t\t\t\tdata-type=\"text\"\n\t\t\t\t\t\t\t\tdata-rsp_ch=\"on\"\n\t\t\t\t\t\t\t\tdata-xy=\"x:c;y:m;yo:100px,100px,100px,15px;\"\n\t\t\t\t\t\t\t\tdata-text=\"w:normal;a:center;\"\n\t\t\t\t\t\t\t\tdata-dim=\"w:468px,468px,468px,280px;\"\n\t\t\t\t\t\t\t\tdata-frame_1=\"st:2000;sp:1000;\"\n\t\t\t\t\t\t\t\tdata-frame_999=\"o:0;st:w;sp:1000;\"\n\t\t\t\t\t\t\t\tstyle=\"z-index:11;font-family:'Roboto';\"\n\t\t\t\t\t\t\t>N'h\u00e9sitez pas \u00e0 contacter notre \u00e9quipe. D\u00e9couvrez comment nous pouvons vous aider \u00e0 connecter vos zones inaccessibles. \n\t\t\t\t\t\t\t<\/rs-layer><!--\n-->\t\t\t\t\t<\/rs-slide>\n\t\t\t\t\t<\/rs-slides>\n\t\t\t\t\t<rs-static-layers><!--\n\t\t\t\t\t--><\/rs-static-layers>\n\t\t\t\t<\/rs-module>\n\t\t\t\t<script>\n\t\t\t\t\tsetREVStartSize({c: 'rev_slider_20_1',rl:[1240,1240,1240,480],el:[900,900,900,720],gw:[1240,1240,1240,480],gh:[900,900,900,720],type:'standard',justify:'',layout:'fullscreen',offsetContainer:'',offset:'',mh:\"0\"});if (window.RS_MODULES!==undefined && window.RS_MODULES.modules!==undefined && window.RS_MODULES.modules[\"revslider201\"]!==undefined) {window.RS_MODULES.modules[\"revslider201\"].once = false;window.revapi20 = undefined;if (window.RS_MODULES.checkMinimal!==undefined) window.RS_MODULES.checkMinimal()}\n\t\t\t\t<\/script>\n\t\t\t<\/rs-module-wrap>\n\t\t\t<!-- END REVOLUTION SLIDER -->\n[\/vc_column][\/vc_row][vc_row][vc_column][vc_row_inner][vc_column_inner width=\u00a0\u00bb1\/6&Prime;][\/vc_column_inner][vc_column_inner width=\u00a0\u00bb2\/3&Prime;][vc_column_text css=\u00a0\u00bb.vc_custom_1726048606364{margin-top: -50px !important;}\u00a0\u00bb]<\/p>\n<p style=\"text-align: center;\">Nos produits sont vendus partout dans le monde. Vous voulez devenir un partenaire de notre r\u00e9seau Rosenfelt ? Nous sommes ouvert \u00e0 la collaboration avec des distributeurs en dehors de l\u2019Europe, tout autour du globe.<\/p>\n<p>[\/vc_column_text][\/vc_column_inner][vc_column_inner width=\u00a0\u00bb1\/6&Prime;][\/vc_column_inner][\/vc_row_inner][vc_row_inner][vc_column_inner]\n<div class=\"wpcf7 no-js\" id=\"wpcf7-f1274-o1\" lang=\"fr-FR\" dir=\"ltr\" data-wpcf7-id=\"1274\">\n<div class=\"screen-reader-response\"><p role=\"status\" aria-live=\"polite\" aria-atomic=\"true\"><\/p> <ul><\/ul><\/div>\n<form action=\"\/fr\/wp-json\/wp\/v2\/pages\/1118#wpcf7-f1274-o1\" method=\"post\" class=\"wpcf7-form init\" aria-label=\"Formulaire de contact\" novalidate=\"novalidate\" data-status=\"init\">\n<fieldset class=\"hidden-fields-container\"><input type=\"hidden\" name=\"_wpcf7\" value=\"1274\" \/><input type=\"hidden\" name=\"_wpcf7_version\" value=\"6.1.3\" \/><input type=\"hidden\" name=\"_wpcf7_locale\" value=\"fr_FR\" \/><input type=\"hidden\" name=\"_wpcf7_unit_tag\" value=\"wpcf7-f1274-o1\" \/><input type=\"hidden\" name=\"_wpcf7_container_post\" value=\"0\" \/><input type=\"hidden\" name=\"_wpcf7_posted_data_hash\" value=\"\" \/><input type=\"hidden\" name=\"_wpcf7_recaptcha_response\" value=\"\" \/>\n<\/fieldset>\n<div class=\"content-column one_third\">\n\t<div style=\"padding:\"0;\">\n\t\t<p><span class=\"wpcf7-form-control-wrap\" data-name=\"your-name\"><input size=\"40\" maxlength=\"400\" class=\"wpcf7-form-control wpcf7-text wpcf7-validates-as-required\" aria-required=\"true\" aria-invalid=\"false\" placeholder=\"Pr\u00e9nom et Nom*\" value=\"\" type=\"text\" name=\"your-name\" \/><\/span>\n\t\t<\/p>\n\t<\/div>\n<\/div>\n<div class=\"content-column one_third\">\n\t<div style=\"padding:\"0;\">\n\t\t<p><span class=\"wpcf7-form-control-wrap\" data-name=\"your-email\"><input size=\"40\" maxlength=\"400\" class=\"wpcf7-form-control wpcf7-email wpcf7-validates-as-required wpcf7-text wpcf7-validates-as-email\" aria-required=\"true\" aria-invalid=\"false\" placeholder=\"E mail*\" value=\"\" type=\"email\" name=\"your-email\" \/><\/span>\n\t\t<\/p>\n\t<\/div>\n<\/div>\n<div class=\"content-column one_third last_column\">\n\t<div style=\"padding:\"0;\">\n\t\t<p><span class=\"wpcf7-form-control-wrap\" data-name=\"Company\"><input size=\"40\" maxlength=\"400\" class=\"wpcf7-form-control wpcf7-text\" aria-invalid=\"false\" placeholder=\"Soci\u00e9t\u00e9\" value=\"\" type=\"text\" name=\"Company\" \/><\/span>\n\t\t<\/p>\n\t<\/div>\n<\/div>\n<div class=\"content-column one_third\">\n\t<div style=\"padding:\"0;\">\n\t\t<p><span class=\"wpcf7-form-control-wrap\" data-name=\"your-subject\"><input size=\"40\" maxlength=\"400\" class=\"wpcf7-form-control wpcf7-text wpcf7-validates-as-required\" aria-required=\"true\" aria-invalid=\"false\" placeholder=\"Sujet*\" value=\"\" type=\"text\" name=\"your-subject\" \/><\/span>\n\t\t<\/p>\n\t<\/div>\n<\/div>\n<div class=\"content-column two_third last-column\">\n\t<div style=\"padding:\"0;\">\n\t\t<p><span class=\"wpcf7-form-control-wrap\" data-name=\"your-message\"><input size=\"40\" maxlength=\"400\" class=\"wpcf7-form-control wpcf7-text wpcf7-validates-as-required\" aria-required=\"true\" aria-invalid=\"false\" placeholder=\"Message*\" value=\"\" type=\"text\" name=\"your-message\" \/><\/span>\n\t\t<\/p>\n\t<\/div>\n<\/div>\n<table style=\"width: calc(100% - 30px);\">\n\t<tr>\n\t\t<td style=\"text-align: right;width: 90%;\">\n\t\t\t<p>*Les champs marqu\u00e9s sont obligatoires avant d'envoyer votre question\n\t\t\t<\/p>\n\t\t<\/td>\n\t\t<td style=\"text-align: right;width: 10%;\">\n\t\t\t<p><input class=\"wpcf7-form-control wpcf7-submit has-spinner\" type=\"submit\" value=\"Envoyer\" \/>\n\t\t\t<\/p>\n\t\t<\/td>\n\t<\/tr>\n<\/table><div class=\"wpcf7-response-output\" aria-hidden=\"true\"><\/div>\n<\/form>\n<\/div>\n<div class=\"boc_spacing \" style=\"height: 20px\"><\/div>[\/vc_column_inner][\/vc_row_inner][\/vc_column][\/vc_row][vc_row full_width=\u00a0\u00bbstretch_row\u00a0\u00bb bg_type=\u00a0\u00bbbg_color\u00a0\u00bb bg_color_value=\u00a0\u00bb#edeff2&Prime; css=\u00a0\u00bb.vc_custom_1659442876651{padding-top: 70px !important;}\u00a0\u00bb][vc_column][vc_raw_html css=\u00a0\u00bb\u00a0\u00bb]JTNDY2VudGVyJTNFJTBBJTNDdmlkZW8lMjB3aWR0aCUzRCUyMjEwMCUyNSUyMiUyMGhlaWdodCUzRCUyMjEwMCUyNSUyMiUyMHBvc3RlciUzRCUyMmh0dHBzJTNBJTJGJTJGcm9zZW5mZWx0LmV1JTJGd3AtY29udGVudCUyRnVwbG9hZHMlMkYyMDIyJTJGMDglMkZQb3N0ZXItQ29udGFjdHBhZ2luYS12aWRlby5wbmclMjIlMjBjb250cm9scyUzRCUyMiUyMiUzRSUwQSUyMCUyMCUyMCUyMCUzQ3NvdXJjZSUyMHNyYyUzRCUyMmh0dHBzJTNBJTJGJTJGcm9zZW5mZWx0LmV1JTJGd3AtY29udGVudCUyRnVwbG9hZHMlMkYyMDIyJTJGMDglMkZSb3NlbmZlbHQlMjUyMC0lMjUyMGhpZ2glMjUyMHF1YWxpdHkubXA0JTIyJTIwdHlwZSUzRCUyMnZpZGVvJTJGbXA0JTIyJTNFJTBBJTIwJTIwJTIwJTIwJTNDc291cmNlJTIwc3JjJTNEJTIydmlkZW8ub2dnJTIyJTIwdHlwZSUzRCUyMnZpZGVvJTJGb2dnJTIyJTNFJTBBJTIwJTIwJTIwJTIwJTNDc291cmNlJTIwc3JjJTNEJTIydmlkZW8ud2VibSUyMiUyMHR5cGUlM0QlMjJ2aWRlbyUyRndlYm0lMjIlM0UlMEElMjAlMjAlMjAlMjAlM0NvYmplY3QlMjBkYXRhJTNEJTIydmlkZW8ubXA0JTIyJTIwd2lkdGglM0QlMjI5NjAlMjIlMjBoZWlnaHQlM0QlMjI1NDAlMjIlM0UlMEElMjAlMjAlMjAlMjAlM0NlbWJlZCUyMHNyYyUzRCUyMnZpZGVvLnN3ZiUyMiUyMHdpZHRoJTNEJTIyOTYwJTIyJTIwaGVpZ2h0JTNEJTIyNTQwJTIyJTNFJTBBJTIwJTIwJTIwJTIwJTNDJTJGZW1iZWQlM0UlM0MlMkZvYmplY3QlM0UlMEElM0MlMkZzb3VyY2UlM0UlM0MlMkZzb3VyY2UlM0UlM0MlMkZzb3VyY2UlM0UlM0MlMkZ2aWRlbyUzRSUwQSUzQyUyRmNlbnRlciUzRQ==[\/vc_raw_html][vc_row_inner][vc_column_inner][vc_column_text]<strong>LE MONDE DE NOS CONNEXIONS<\/strong><br \/>\nL&rsquo;histoire derri\u00e8re <strong>Rosenfelt<\/strong>.[\/vc_column_text][\/vc_column_inner][\/vc_row_inner]<div class=\"boc_spacing \" style=\"height: 30px\"><\/div>[\/vc_column][\/vc_row][vc_row full_width=\u00a0\u00bbstretch_row\u00a0\u00bb bg_type=\u00a0\u00bbbg_color\u00a0\u00bb bg_color_value=\u00a0\u00bb#1a1a1a\u00a0\u00bb css=\u00a0\u00bb.vc_custom_1665737337034{margin-top: -50px !important;margin-bottom: -50px !important;padding-top: 30px !important;padding-bottom: 105px !important;}\u00a0\u00bb][vc_column][vc_row_inner][vc_column_inner]<div class=\"boc_divider_holder\"><div class=\"boc_divider  \"  style=\"margin-bottom: 20px;height: 1px;background: #e21f1d;\"><\/div><\/div>[\/vc_column_inner][\/vc_row_inner][vc_row_inner][vc_column_inner width=\u00a0\u00bb1\/2&Prime; css=\u00a0\u00bb.vc_custom_1665736661324{padding-right: 50px !important;padding-left: 50px !important;}\u00a0\u00bb][vc_column_text]<\/p>\n<p style=\"color: #ffffff; text-align: left;\"><strong>A propos de nous <\/strong><\/p>\n<p style=\"color: #ffffff; text-align: left;\">Nos produits Rosenfelt sont vendus partout dans le monde !<\/p>\n<p style=\"color: #ffffff; text-align: left;\">Rosenfelt a \u00e9t\u00e9 fond\u00e9e en 2013 \u00e0 Amsterdam, aux Pays-Bas. En constatant la probl\u00e9matique d\u2019avoir une mauvaise r\u00e9ception mobile au bureau, nous avons d\u00e9velopp\u00e9 des \u00e9quipements de haute qualit\u00e9 pour r\u00e9soudre ce probl\u00e8me.<\/p>\n<p style=\"color: #ffffff; text-align: left;\">Ce fut le d\u00e9but de la gamme de produits Rosenfelt R\u00e9p\u00e9teur GSM &amp; Accessoires. Les produits Rosenfelt ont rapidement conquis le march\u00e9 europ\u00e9en et mondial.<\/p>\n<p>[\/vc_column_text]<div class=\"boc_spacing \" style=\"height: 20px\"><\/div>[\/vc_column_inner][vc_column_inner width=\u00a0\u00bb1\/2&Prime; css=\u00a0\u00bb.vc_custom_1665736666134{padding-right: 50px !important;padding-left: 50px !important;}\u00a0\u00bb][vc_column_text css=\u00a0\u00bb\u00a0\u00bb]<\/p>\n<p style=\"color: #ffffff; text-align: left;\"><strong>Contactez-nous<\/strong><\/p>\n<p style=\"color: #ffffff; text-align: left;\">\u00cates-vous int\u00e9ress\u00e9 par nos produits? Tous nos produits sont vendus exclusivement sur notre site <a href=\"https:\/\/www.repeteur-gsm.fr\/\" target=\"_blank\" rel=\"noopener\">REPETEUR-GSM.fr.<\/a><\/p>\n<p style=\"color: #ffffff; text-align: left;\">Remplissez vos coordonn\u00e9es et nous reviendrons vers vous !<\/p>\n<p style=\"color: #ffffff; text-align: left;\">E-mail :<br \/>\n<a href=\"mailto:info@rosenfelt.eu\">info@rosenfelt.eu<\/a><\/p>\n<p style=\"color: #ffffff; text-align: left;\">Num\u00e9ro de t\u00e9l\u00e9phone :<br \/>\n<a href=\"tel:+33 (0) 4 88 91 28 35\">+33 (0) 4 88 91 28 35<\/a><\/p>\n<p>[\/vc_column_text]<div class=\"boc_spacing \" style=\"height: 20px\"><\/div>[\/vc_column_inner][\/vc_row_inner][\/vc_column][\/vc_row]<\/p>\n<\/div>","protected":false},"excerpt":{"rendered":"<p>[vc_row full_height=\u00a0\u00bbyes\u00a0\u00bb css=\u00a0\u00bb.vc_custom_1659436550199{margin-top: -180px !important;}\u00a0\u00bb][vc_column][\/vc_column][\/vc_row][vc_row][vc_column][vc_row_inner][vc_column_inner width=\u00a0\u00bb1\/6&Prime;][\/vc_column_inner][vc_column_inner width=\u00a0\u00bb2\/3&Prime;][vc_column_text css=\u00a0\u00bb.vc_custom_1726048606364{margin-top: -50px !important;}\u00a0\u00bb] Nos produits sont vendus partout dans le monde. Vous voulez devenir un partenaire de notre r\u00e9seau Rosenfelt ? Nous sommes ouvert \u00e0 la collaboration avec des distributeurs en dehors de l\u2019Europe, tout autour du globe. [\/vc_column_text][\/vc_column_inner][vc_column_inner width=\u00a0\u00bb1\/6&Prime;][\/vc_column_inner][\/vc_row_inner][vc_row_inner][vc_column_inner][\/vc_column_inner][\/vc_row_inner][\/vc_column][\/vc_row][vc_row full_width=\u00a0\u00bbstretch_row\u00a0\u00bb bg_type=\u00a0\u00bbbg_color\u00a0\u00bb bg_color_value=\u00a0\u00bb#edeff2&Prime; css=\u00a0\u00bb.vc_custom_1659442876651{padding-top: 70px !important;}\u00a0\u00bb][vc_column][vc_raw_html css=\u00a0\u00bb\u00a0\u00bb]JTNDY2VudGVyJTNFJTBBJTNDdmlkZW8lMjB3aWR0aCUzRCUyMjEwMCUyNSUyMiUyMGhlaWdodCUzRCUyMjEwMCUyNSUyMiUyMHBvc3RlciUzRCUyMmh0dHBzJTNBJTJGJTJGcm9zZW5mZWx0LmV1JTJGd3AtY29udGVudCUyRnVwbG9hZHMlMkYyMDIyJTJGMDglMkZQb3N0ZXItQ29udGFjdHBhZ2luYS12aWRlby5wbmclMjIlMjBjb250cm9scyUzRCUyMiUyMiUzRSUwQSUyMCUyMCUyMCUyMCUzQ3NvdXJjZSUyMHNyYyUzRCUyMmh0dHBzJTNBJTJGJTJGcm9zZW5mZWx0LmV1JTJGd3AtY29udGVudCUyRnVwbG9hZHMlMkYyMDIyJTJGMDglMkZSb3NlbmZlbHQlMjUyMC0lMjUyMGhpZ2glMjUyMHF1YWxpdHkubXA0JTIyJTIwdHlwZSUzRCUyMnZpZGVvJTJGbXA0JTIyJTNFJTBBJTIwJTIwJTIwJTIwJTNDc291cmNlJTIwc3JjJTNEJTIydmlkZW8ub2dnJTIyJTIwdHlwZSUzRCUyMnZpZGVvJTJGb2dnJTIyJTNFJTBBJTIwJTIwJTIwJTIwJTNDc291cmNlJTIwc3JjJTNEJTIydmlkZW8ud2VibSUyMiUyMHR5cGUlM0QlMjJ2aWRlbyUyRndlYm0lMjIlM0UlMEElMjAlMjAlMjAlMjAlM0NvYmplY3QlMjBkYXRhJTNEJTIydmlkZW8ubXA0JTIyJTIwd2lkdGglM0QlMjI5NjAlMjIlMjBoZWlnaHQlM0QlMjI1NDAlMjIlM0UlMEElMjAlMjAlMjAlMjAlM0NlbWJlZCUyMHNyYyUzRCUyMnZpZGVvLnN3ZiUyMiUyMHdpZHRoJTNEJTIyOTYwJTIyJTIwaGVpZ2h0JTNEJTIyNTQwJTIyJTNFJTBBJTIwJTIwJTIwJTIwJTNDJTJGZW1iZWQlM0UlM0MlMkZvYmplY3QlM0UlMEElM0MlMkZzb3VyY2UlM0UlM0MlMkZzb3VyY2UlM0UlM0MlMkZzb3VyY2UlM0UlM0MlMkZ2aWRlbyUzRSUwQSUzQyUyRmNlbnRlciUzRQ==[\/vc_raw_html][vc_row_inner][vc_column_inner][vc_column_text]LE MONDE DE NOS CONNEXIONS L&rsquo;histoire derri\u00e8re<\/p>\n<div class=\"h10\"><\/div>\n<p><a class=\"more-link1\" href=\"https:\/\/www.rosenfelt.eu\/fr\/contact\/\">Read more<\/a><\/p>\n","protected":false},"author":1,"featured_media":0,"parent":0,"menu_order":0,"comment_status":"closed","ping_status":"closed","template":"","meta":{"footnotes":""},"class_list":["post-1118","page","type-page","status-publish","hentry"],"yoast_head":"<!-- This site is optimized with the Yoast SEO plugin v26.4 - https:\/\/yoast.com\/wordpress\/plugins\/seo\/ -->\n<title>Contact - Rosenfelt<\/title>\n<meta name=\"robots\" content=\"index, follow, max-snippet:-1, max-image-preview:large, max-video-preview:-1\" \/>\n<link rel=\"canonical\" href=\"https:\/\/www.rosenfelt.eu\/fr\/contact\/\" \/>\n<meta property=\"og:locale\" content=\"fr_FR\" \/>\n<meta property=\"og:type\" content=\"article\" \/>\n<meta property=\"og:title\" content=\"Contact - Rosenfelt\" \/>\n<meta property=\"og:description\" content=\"[vc_row full_height=\u00a0\u00bbyes\u00a0\u00bb css=\u00a0\u00bb.vc_custom_1659436550199{margin-top: -180px !important;}\u00a0\u00bb][vc_column][\/vc_column][\/vc_row][vc_row][vc_column][vc_row_inner][vc_column_inner width=\u00a0\u00bb1\/6&Prime;][\/vc_column_inner][vc_column_inner width=\u00a0\u00bb2\/3&Prime;][vc_column_text css=\u00a0\u00bb.vc_custom_1726048606364{margin-top: -50px !important;}\u00a0\u00bb] Nos produits sont vendus partout dans le monde. Vous voulez devenir un partenaire de notre r\u00e9seau Rosenfelt ? Nous sommes ouvert \u00e0 la collaboration avec des distributeurs en dehors de l\u2019Europe, tout autour du globe. [\/vc_column_text][\/vc_column_inner][vc_column_inner width=\u00a0\u00bb1\/6&Prime;][\/vc_column_inner][\/vc_row_inner][vc_row_inner][vc_column_inner][\/vc_column_inner][\/vc_row_inner][\/vc_column][\/vc_row][vc_row full_width=\u00a0\u00bbstretch_row\u00a0\u00bb bg_type=\u00a0\u00bbbg_color\u00a0\u00bb bg_color_value=\u00a0\u00bb#edeff2&Prime; css=\u00a0\u00bb.vc_custom_1659442876651{padding-top: 70px !important;}\u00a0\u00bb][vc_column][vc_raw_html css=\u00a0\u00bb\u00a0\u00bb]JTNDY2VudGVyJTNFJTBBJTNDdmlkZW8lMjB3aWR0aCUzRCUyMjEwMCUyNSUyMiUyMGhlaWdodCUzRCUyMjEwMCUyNSUyMiUyMHBvc3RlciUzRCUyMmh0dHBzJTNBJTJGJTJGcm9zZW5mZWx0LmV1JTJGd3AtY29udGVudCUyRnVwbG9hZHMlMkYyMDIyJTJGMDglMkZQb3N0ZXItQ29udGFjdHBhZ2luYS12aWRlby5wbmclMjIlMjBjb250cm9scyUzRCUyMiUyMiUzRSUwQSUyMCUyMCUyMCUyMCUzQ3NvdXJjZSUyMHNyYyUzRCUyMmh0dHBzJTNBJTJGJTJGcm9zZW5mZWx0LmV1JTJGd3AtY29udGVudCUyRnVwbG9hZHMlMkYyMDIyJTJGMDglMkZSb3NlbmZlbHQlMjUyMC0lMjUyMGhpZ2glMjUyMHF1YWxpdHkubXA0JTIyJTIwdHlwZSUzRCUyMnZpZGVvJTJGbXA0JTIyJTNFJTBBJTIwJTIwJTIwJTIwJTNDc291cmNlJTIwc3JjJTNEJTIydmlkZW8ub2dnJTIyJTIwdHlwZSUzRCUyMnZpZGVvJTJGb2dnJTIyJTNFJTBBJTIwJTIwJTIwJTIwJTNDc291cmNlJTIwc3JjJTNEJTIydmlkZW8ud2VibSUyMiUyMHR5cGUlM0QlMjJ2aWRlbyUyRndlYm0lMjIlM0UlMEElMjAlMjAlMjAlMjAlM0NvYmplY3QlMjBkYXRhJTNEJTIydmlkZW8ubXA0JTIyJTIwd2lkdGglM0QlMjI5NjAlMjIlMjBoZWlnaHQlM0QlMjI1NDAlMjIlM0UlMEElMjAlMjAlMjAlMjAlM0NlbWJlZCUyMHNyYyUzRCUyMnZpZGVvLnN3ZiUyMiUyMHdpZHRoJTNEJTIyOTYwJTIyJTIwaGVpZ2h0JTNEJTIyNTQwJTIyJTNFJTBBJTIwJTIwJTIwJTIwJTNDJTJGZW1iZWQlM0UlM0MlMkZvYmplY3QlM0UlMEElM0MlMkZzb3VyY2UlM0UlM0MlMkZzb3VyY2UlM0UlM0MlMkZzb3VyY2UlM0UlM0MlMkZ2aWRlbyUzRSUwQSUzQyUyRmNlbnRlciUzRQ==[\/vc_raw_html][vc_row_inner][vc_column_inner][vc_column_text]LE MONDE DE NOS CONNEXIONS L&rsquo;histoire derri\u00e8reRead more\" \/>\n<meta property=\"og:url\" content=\"https:\/\/www.rosenfelt.eu\/fr\/contact\/\" \/>\n<meta property=\"og:site_name\" content=\"Rosenfelt\" \/>\n<meta property=\"article:modified_time\" content=\"2025-11-26T11:51:27+00:00\" \/>\n<meta name=\"twitter:card\" content=\"summary_large_image\" \/>\n<meta name=\"twitter:label1\" content=\"Dur\u00e9e de lecture estim\u00e9e\" \/>\n\t<meta name=\"twitter:data1\" content=\"1 minute\" \/>\n<script type=\"application\/ld+json\" class=\"yoast-schema-graph\">{\"@context\":\"https:\/\/schema.org\",\"@graph\":[{\"@type\":\"WebPage\",\"@id\":\"https:\/\/www.rosenfelt.eu\/fr\/contact\/\",\"url\":\"https:\/\/www.rosenfelt.eu\/fr\/contact\/\",\"name\":\"Contact - Rosenfelt\",\"isPartOf\":{\"@id\":\"https:\/\/www.rosenfelt.eu\/fr\/#website\"},\"datePublished\":\"2022-08-03T10:42:54+00:00\",\"dateModified\":\"2025-11-26T11:51:27+00:00\",\"breadcrumb\":{\"@id\":\"https:\/\/www.rosenfelt.eu\/fr\/contact\/#breadcrumb\"},\"inLanguage\":\"fr-FR\",\"potentialAction\":[{\"@type\":\"ReadAction\",\"target\":[\"https:\/\/www.rosenfelt.eu\/fr\/contact\/\"]}]},{\"@type\":\"BreadcrumbList\",\"@id\":\"https:\/\/www.rosenfelt.eu\/fr\/contact\/#breadcrumb\",\"itemListElement\":[{\"@type\":\"ListItem\",\"position\":1,\"name\":\"Home\",\"item\":\"https:\/\/www.rosenfelt.eu\/fr\/\"},{\"@type\":\"ListItem\",\"position\":2,\"name\":\"Contact\"}]},{\"@type\":\"WebSite\",\"@id\":\"https:\/\/www.rosenfelt.eu\/fr\/#website\",\"url\":\"https:\/\/www.rosenfelt.eu\/fr\/\",\"name\":\"Rosenfelt\",\"description\":\"GSM Repeater Systems &amp; Accessories\",\"publisher\":{\"@id\":\"https:\/\/www.rosenfelt.eu\/fr\/#organization\"},\"potentialAction\":[{\"@type\":\"SearchAction\",\"target\":{\"@type\":\"EntryPoint\",\"urlTemplate\":\"https:\/\/www.rosenfelt.eu\/fr\/?s={search_term_string}\"},\"query-input\":{\"@type\":\"PropertyValueSpecification\",\"valueRequired\":true,\"valueName\":\"search_term_string\"}}],\"inLanguage\":\"fr-FR\"},{\"@type\":\"Organization\",\"@id\":\"https:\/\/www.rosenfelt.eu\/fr\/#organization\",\"name\":\"Rosenfelt\",\"url\":\"https:\/\/www.rosenfelt.eu\/fr\/\",\"logo\":{\"@type\":\"ImageObject\",\"inLanguage\":\"fr-FR\",\"@id\":\"https:\/\/www.rosenfelt.eu\/fr\/#\/schema\/logo\/image\/\",\"url\":\"https:\/\/www.rosenfelt.eu\/wp-content\/uploads\/2022\/08\/rosenfelt-logo-1.png\",\"contentUrl\":\"https:\/\/www.rosenfelt.eu\/wp-content\/uploads\/2022\/08\/rosenfelt-logo-1.png\",\"width\":250,\"height\":99,\"caption\":\"Rosenfelt\"},\"image\":{\"@id\":\"https:\/\/www.rosenfelt.eu\/fr\/#\/schema\/logo\/image\/\"}}]}<\/script>\n<!-- \/ Yoast SEO plugin. -->","yoast_head_json":{"title":"Contact - Rosenfelt","robots":{"index":"index","follow":"follow","max-snippet":"max-snippet:-1","max-image-preview":"max-image-preview:large","max-video-preview":"max-video-preview:-1"},"canonical":"https:\/\/www.rosenfelt.eu\/fr\/contact\/","og_locale":"fr_FR","og_type":"article","og_title":"Contact - Rosenfelt","og_description":"[vc_row full_height=\u00a0\u00bbyes\u00a0\u00bb css=\u00a0\u00bb.vc_custom_1659436550199{margin-top: -180px !important;}\u00a0\u00bb][vc_column][\/vc_column][\/vc_row][vc_row][vc_column][vc_row_inner][vc_column_inner width=\u00a0\u00bb1\/6&Prime;][\/vc_column_inner][vc_column_inner width=\u00a0\u00bb2\/3&Prime;][vc_column_text css=\u00a0\u00bb.vc_custom_1726048606364{margin-top: -50px !important;}\u00a0\u00bb] Nos produits sont vendus partout dans le monde. Vous voulez devenir un partenaire de notre r\u00e9seau Rosenfelt ? Nous sommes ouvert \u00e0 la collaboration avec des distributeurs en dehors de l\u2019Europe, tout autour du globe. [\/vc_column_text][\/vc_column_inner][vc_column_inner width=\u00a0\u00bb1\/6&Prime;][\/vc_column_inner][\/vc_row_inner][vc_row_inner][vc_column_inner][\/vc_column_inner][\/vc_row_inner][\/vc_column][\/vc_row][vc_row full_width=\u00a0\u00bbstretch_row\u00a0\u00bb bg_type=\u00a0\u00bbbg_color\u00a0\u00bb bg_color_value=\u00a0\u00bb#edeff2&Prime; css=\u00a0\u00bb.vc_custom_1659442876651{padding-top: 70px !important;}\u00a0\u00bb][vc_column][vc_raw_html css=\u00a0\u00bb\u00a0\u00bb]JTNDY2VudGVyJTNFJTBBJTNDdmlkZW8lMjB3aWR0aCUzRCUyMjEwMCUyNSUyMiUyMGhlaWdodCUzRCUyMjEwMCUyNSUyMiUyMHBvc3RlciUzRCUyMmh0dHBzJTNBJTJGJTJGcm9zZW5mZWx0LmV1JTJGd3AtY29udGVudCUyRnVwbG9hZHMlMkYyMDIyJTJGMDglMkZQb3N0ZXItQ29udGFjdHBhZ2luYS12aWRlby5wbmclMjIlMjBjb250cm9scyUzRCUyMiUyMiUzRSUwQSUyMCUyMCUyMCUyMCUzQ3NvdXJjZSUyMHNyYyUzRCUyMmh0dHBzJTNBJTJGJTJGcm9zZW5mZWx0LmV1JTJGd3AtY29udGVudCUyRnVwbG9hZHMlMkYyMDIyJTJGMDglMkZSb3NlbmZlbHQlMjUyMC0lMjUyMGhpZ2glMjUyMHF1YWxpdHkubXA0JTIyJTIwdHlwZSUzRCUyMnZpZGVvJTJGbXA0JTIyJTNFJTBBJTIwJTIwJTIwJTIwJTNDc291cmNlJTIwc3JjJTNEJTIydmlkZW8ub2dnJTIyJTIwdHlwZSUzRCUyMnZpZGVvJTJGb2dnJTIyJTNFJTBBJTIwJTIwJTIwJTIwJTNDc291cmNlJTIwc3JjJTNEJTIydmlkZW8ud2VibSUyMiUyMHR5cGUlM0QlMjJ2aWRlbyUyRndlYm0lMjIlM0UlMEElMjAlMjAlMjAlMjAlM0NvYmplY3QlMjBkYXRhJTNEJTIydmlkZW8ubXA0JTIyJTIwd2lkdGglM0QlMjI5NjAlMjIlMjBoZWlnaHQlM0QlMjI1NDAlMjIlM0UlMEElMjAlMjAlMjAlMjAlM0NlbWJlZCUyMHNyYyUzRCUyMnZpZGVvLnN3ZiUyMiUyMHdpZHRoJTNEJTIyOTYwJTIyJTIwaGVpZ2h0JTNEJTIyNTQwJTIyJTNFJTBBJTIwJTIwJTIwJTIwJTNDJTJGZW1iZWQlM0UlM0MlMkZvYmplY3QlM0UlMEElM0MlMkZzb3VyY2UlM0UlM0MlMkZzb3VyY2UlM0UlM0MlMkZzb3VyY2UlM0UlM0MlMkZ2aWRlbyUzRSUwQSUzQyUyRmNlbnRlciUzRQ==[\/vc_raw_html][vc_row_inner][vc_column_inner][vc_column_text]LE MONDE DE NOS CONNEXIONS L&rsquo;histoire derri\u00e8reRead more","og_url":"https:\/\/www.rosenfelt.eu\/fr\/contact\/","og_site_name":"Rosenfelt","article_modified_time":"2025-11-26T11:51:27+00:00","twitter_card":"summary_large_image","twitter_misc":{"Dur\u00e9e de lecture estim\u00e9e":"1 minute"},"schema":{"@context":"https:\/\/schema.org","@graph":[{"@type":"WebPage","@id":"https:\/\/www.rosenfelt.eu\/fr\/contact\/","url":"https:\/\/www.rosenfelt.eu\/fr\/contact\/","name":"Contact - Rosenfelt","isPartOf":{"@id":"https:\/\/www.rosenfelt.eu\/fr\/#website"},"datePublished":"2022-08-03T10:42:54+00:00","dateModified":"2025-11-26T11:51:27+00:00","breadcrumb":{"@id":"https:\/\/www.rosenfelt.eu\/fr\/contact\/#breadcrumb"},"inLanguage":"fr-FR","potentialAction":[{"@type":"ReadAction","target":["https:\/\/www.rosenfelt.eu\/fr\/contact\/"]}]},{"@type":"BreadcrumbList","@id":"https:\/\/www.rosenfelt.eu\/fr\/contact\/#breadcrumb","itemListElement":[{"@type":"ListItem","position":1,"name":"Home","item":"https:\/\/www.rosenfelt.eu\/fr\/"},{"@type":"ListItem","position":2,"name":"Contact"}]},{"@type":"WebSite","@id":"https:\/\/www.rosenfelt.eu\/fr\/#website","url":"https:\/\/www.rosenfelt.eu\/fr\/","name":"Rosenfelt","description":"GSM Repeater Systems &amp; Accessories","publisher":{"@id":"https:\/\/www.rosenfelt.eu\/fr\/#organization"},"potentialAction":[{"@type":"SearchAction","target":{"@type":"EntryPoint","urlTemplate":"https:\/\/www.rosenfelt.eu\/fr\/?s={search_term_string}"},"query-input":{"@type":"PropertyValueSpecification","valueRequired":true,"valueName":"search_term_string"}}],"inLanguage":"fr-FR"},{"@type":"Organization","@id":"https:\/\/www.rosenfelt.eu\/fr\/#organization","name":"Rosenfelt","url":"https:\/\/www.rosenfelt.eu\/fr\/","logo":{"@type":"ImageObject","inLanguage":"fr-FR","@id":"https:\/\/www.rosenfelt.eu\/fr\/#\/schema\/logo\/image\/","url":"https:\/\/www.rosenfelt.eu\/wp-content\/uploads\/2022\/08\/rosenfelt-logo-1.png","contentUrl":"https:\/\/www.rosenfelt.eu\/wp-content\/uploads\/2022\/08\/rosenfelt-logo-1.png","width":250,"height":99,"caption":"Rosenfelt"},"image":{"@id":"https:\/\/www.rosenfelt.eu\/fr\/#\/schema\/logo\/image\/"}}]}},"_links":{"self":[{"href":"https:\/\/www.rosenfelt.eu\/fr\/wp-json\/wp\/v2\/pages\/1118","targetHints":{"allow":["GET"]}}],"collection":[{"href":"https:\/\/www.rosenfelt.eu\/fr\/wp-json\/wp\/v2\/pages"}],"about":[{"href":"https:\/\/www.rosenfelt.eu\/fr\/wp-json\/wp\/v2\/types\/page"}],"author":[{"embeddable":true,"href":"https:\/\/www.rosenfelt.eu\/fr\/wp-json\/wp\/v2\/users\/1"}],"replies":[{"embeddable":true,"href":"https:\/\/www.rosenfelt.eu\/fr\/wp-json\/wp\/v2\/comments?post=1118"}],"version-history":[{"count":8,"href":"https:\/\/www.rosenfelt.eu\/fr\/wp-json\/wp\/v2\/pages\/1118\/revisions"}],"predecessor-version":[{"id":1431,"href":"https:\/\/www.rosenfelt.eu\/fr\/wp-json\/wp\/v2\/pages\/1118\/revisions\/1431"}],"wp:attachment":[{"href":"https:\/\/www.rosenfelt.eu\/fr\/wp-json\/wp\/v2\/media?parent=1118"}],"curies":[{"name":"wp","href":"https:\/\/api.w.org\/{rel}","templated":true}]}}