{"id":1128,"date":"2022-08-17T13:38:17","date_gmt":"2022-08-17T11:38:17","guid":{"rendered":"https:\/\/www.rosenfelt.eu\/antennas-2\/"},"modified":"2025-12-02T15:36:53","modified_gmt":"2025-12-02T14:36:53","slug":"antennes","status":"publish","type":"page","link":"https:\/\/www.rosenfelt.eu\/fr\/antennes\/","title":{"rendered":"Antennes"},"content":{"rendered":"<div class=\"wpb-content-wrapper\"><p>[vc_row full_height=\u00a0\u00bbyes\u00a0\u00bb css=\u00a0\u00bb.vc_custom_1659436550199{margin-top: -180px !important;}\u00a0\u00bb][vc_column]\n\t\t\t<!-- START ANTENNAS FR REVOLUTION SLIDER 6.7.38 --><p class=\"rs-p-wp-fix\"><\/p>\n\t\t\t<rs-module-wrap id=\"rev_slider_22_1_wrapper\" data-source=\"gallery\" style=\"visibility:hidden;background:transparent;padding:0;\">\n\t\t\t\t<rs-module id=\"rev_slider_22_1\" style=\"\" data-version=\"6.7.38\">\n\t\t\t\t\t<rs-slides style=\"overflow: hidden; position: absolute;\">\n\t\t\t\t\t\t<rs-slide style=\"position: absolute;\" data-key=\"rs-38\" data-title=\"Slide\" data-duration=\"6000ms\" data-in=\"o:0;\" data-out=\"a:false;\">\n\t\t\t\t\t\t\t<img decoding=\"async\" src=\"\/\/www.rosenfelt.eu\/wp-content\/plugins\/revslider\/sr6\/assets\/assets\/dummy.png\" alt=\"Rosenfelt Antenna&#039;s productpagina hero afbeelding\" title=\"Rosenfelt Antenna&rsquo;s productpagina hero afbeelding\" width=\"2560\" height=\"1702\" class=\"rev-slidebg tp-rs-img rs-lazyload\" data-lazyload=\"\/\/test.rosenfelt.eu\/wp-content\/uploads\/2022\/08\/Rosenfelt-Antennas-productpagina-hero-afbeelding-1-scaled.jpg\" data-no-retina>\n<!--\n\t\t\t\t\t\t\t--><rs-layer\n\t\t\t\t\t\t\t\tid=\"slider-22-slide-38-layer-3\" \n\t\t\t\t\t\t\t\tdata-type=\"image\"\n\t\t\t\t\t\t\t\tdata-rsp_ch=\"on\"\n\t\t\t\t\t\t\t\tdata-xy=\"x:c;yo:407px,407px,407px,293px;\"\n\t\t\t\t\t\t\t\tdata-text=\"w:normal;\"\n\t\t\t\t\t\t\t\tdata-dim=\"w:431px,431px,431px,399px;h:520px,520px,520px,481px;\"\n\t\t\t\t\t\t\t\tdata-frame_1=\"st:2000;sp:1000;\"\n\t\t\t\t\t\t\t\tdata-frame_999=\"o:0;st:w;sp:1000;\"\n\t\t\t\t\t\t\t\tstyle=\"z-index:12;\"\n\t\t\t\t\t\t\t><img decoding=\"async\" src=\"\/\/www.rosenfelt.eu\/wp-content\/plugins\/revslider\/sr6\/assets\/assets\/dummy.png\" alt=\"Rosenfelt Antennas product image for slider\" class=\"tp-rs-img rs-lazyload\" width=\"431\" height=\"520\" data-lazyload=\"\" data-no-retina> \n\t\t\t\t\t\t\t<\/rs-layer><!--\n\n\t\t\t\t\t\t\t--><rs-layer\n\t\t\t\t\t\t\t\tid=\"slider-22-slide-38-layer-5\" \n\t\t\t\t\t\t\t\tdata-type=\"shape\"\n\t\t\t\t\t\t\t\tdata-rsp_ch=\"on\"\n\t\t\t\t\t\t\t\tdata-xy=\"x:c;y:m;\"\n\t\t\t\t\t\t\t\tdata-text=\"w:normal;\"\n\t\t\t\t\t\t\t\tdata-dim=\"w:100%;h:100%;\"\n\t\t\t\t\t\t\t\tdata-basealign=\"slide\"\n\t\t\t\t\t\t\t\tdata-frame_999=\"o:0;st:w;sR:8700;\"\n\t\t\t\t\t\t\t\tstyle=\"z-index:8;background-color:rgba(0,0,0,0.25);\"\n\t\t\t\t\t\t\t><rs-bg-elem style=\"background: url('\/\/www.rosenfelt.eu\/wp-content\/uploads\/2022\/08\/winter-times-long-distanse-scaled.jpg') no-repeat center center; background-size: cover;\"><\/rs-bg-elem>\n \n\t\t\t\t\t\t\t<\/rs-layer><!--\n\n\t\t\t\t\t\t\t--><rs-layer\n\t\t\t\t\t\t\t\tid=\"slider-22-slide-38-layer-6\" \n\t\t\t\t\t\t\t\tdata-type=\"shape\"\n\t\t\t\t\t\t\t\tdata-rsp_ch=\"on\"\n\t\t\t\t\t\t\t\tdata-xy=\"y:b;\"\n\t\t\t\t\t\t\t\tdata-text=\"w:normal;\"\n\t\t\t\t\t\t\t\tdata-dim=\"w:100%;h:128px,128px,128px,82px;\"\n\t\t\t\t\t\t\t\tdata-basealign=\"slide\"\n\t\t\t\t\t\t\t\tdata-frame_999=\"o:0;st:w;\"\n\t\t\t\t\t\t\t\tstyle=\"z-index:9;background-color:#ffffff;\"\n\t\t\t\t\t\t\t> \n\t\t\t\t\t\t\t<\/rs-layer><!--\n\n\t\t\t\t\t\t\t--><rs-layer\n\t\t\t\t\t\t\t\tid=\"slider-22-slide-38-layer-7\" \n\t\t\t\t\t\t\t\tdata-type=\"text\"\n\t\t\t\t\t\t\t\tdata-rsp_ch=\"on\"\n\t\t\t\t\t\t\t\tdata-xy=\"x:c;y:m;yo:-101px,-101px,-101px,-173px;\"\n\t\t\t\t\t\t\t\tdata-text=\"w:nowrap;s:50;l:60;ls:-2px,-2px,-2px,0px;fw:700;a:center;\"\n\t\t\t\t\t\t\t\tdata-dim=\"w:925px,925px,925px,357px;\"\n\t\t\t\t\t\t\t\tdata-frame_0=\"y:50,50,50,19;\"\n\t\t\t\t\t\t\t\tdata-frame_1=\"st:1000;sp:1000;\"\n\t\t\t\t\t\t\t\tdata-frame_999=\"y:-50,-50,-50,-19;o:0;st:w;sp:1000;\"\n\t\t\t\t\t\t\t\tstyle=\"z-index:10;font-family:'Roboto';\"\n\t\t\t\t\t\t\t>ANTENNES \n\t\t\t\t\t\t\t<\/rs-layer><!--\n\n\t\t\t\t\t\t\t--><rs-layer\n\t\t\t\t\t\t\t\tid=\"slider-22-slide-38-layer-8\" \n\t\t\t\t\t\t\t\tdata-type=\"text\"\n\t\t\t\t\t\t\t\tdata-rsp_ch=\"on\"\n\t\t\t\t\t\t\t\tdata-xy=\"x:c;y:m;yo:-41px,-41px,-41px,-92px;\"\n\t\t\t\t\t\t\t\tdata-text=\"w:normal;fw:500;a:center;\"\n\t\t\t\t\t\t\t\tdata-dim=\"w:671px,671px,671px,280px;\"\n\t\t\t\t\t\t\t\tdata-frame_1=\"st:2000;sp:1000;\"\n\t\t\t\t\t\t\t\tdata-frame_999=\"o:0;st:w;sp:1000;\"\n\t\t\t\t\t\t\t\tstyle=\"z-index:11;font-family:'Roboto';\"\n\t\t\t\t\t\t\t>Pour une parfaite connexion int\u00e9rieure \n\t\t\t\t\t\t\t<\/rs-layer><!--\n-->\t\t\t\t\t<\/rs-slide>\n\t\t\t\t\t<\/rs-slides>\n\t\t\t\t\t<rs-static-layers><!--\n\t\t\t\t\t--><\/rs-static-layers>\n\t\t\t\t<\/rs-module>\n\t\t\t\t<script>\n\t\t\t\t\tsetREVStartSize({c: 'rev_slider_22_1',rl:[1240,1240,1240,480],el:[900,900,900,720],gw:[1240,1240,1240,480],gh:[900,900,900,720],type:'standard',justify:'',layout:'fullscreen',offsetContainer:'',offset:'',mh:\"0\"});if (window.RS_MODULES!==undefined && window.RS_MODULES.modules!==undefined && window.RS_MODULES.modules[\"revslider221\"]!==undefined) {window.RS_MODULES.modules[\"revslider221\"].once = false;window.revapi22 = undefined;if (window.RS_MODULES.checkMinimal!==undefined) window.RS_MODULES.checkMinimal()}\n\t\t\t\t<\/script>\n\t\t\t<\/rs-module-wrap>\n\t\t\t<!-- END REVOLUTION SLIDER -->\n[\/vc_column][\/vc_row][vc_row css=\u00a0\u00bb.vc_custom_1660735463285{margin-top: -50px !important;}\u00a0\u00bb][vc_column][vc_row_inner][vc_column_inner width=\u00a0\u00bb1\/6&Prime;][\/vc_column_inner][vc_column_inner width=\u00a0\u00bb2\/3&Prime;][vc_column_text css=\u00a0\u00bb.vc_custom_1725634392937{margin-top: -50px !important;}\u00a0\u00bb]<\/p>\n<p style=\"text-align: left;\">Les antennes Rosenfelt garantissent toujours les meilleurs r\u00e9sultats.<\/p>\n<p style=\"text-align: left;\">Des antennes Yagi directionnelles \u00e0 gain \u00e9lev\u00e9 pour une utilisation l\u00e0 ou le signal est faible ou presque inexistant aux antennes 0 dBi pour un environnement avec une tr\u00e8s forte r\u00e9ception en centre-ville.<\/p>\n<p style=\"text-align: left;\">Des antennes int\u00e9rieures de qualit\u00e9 industrielle aux antennes de plafond minces pour une utilisation dans les points forts architecturaux.<\/p>\n<p style=\"text-align: left;\"><strong>Besoin d&rsquo;aide pour choisir les bons accessoires ?<\/strong><\/p>\n<p>[\/vc_column_text]<div class=\"boc_spacing \" style=\"height: 20px\"><\/div>[\/vc_column_inner][vc_column_inner width=\u00a0\u00bb1\/6&Prime;][\/vc_column_inner][\/vc_row_inner][\/vc_column][\/vc_row][vc_row full_width=\u00a0\u00bbstretch_row\u00a0\u00bb bg_type=\u00a0\u00bbbg_color\u00a0\u00bb bg_color_value=\u00a0\u00bb#edeff2&Prime; css=\u00a0\u00bb.vc_custom_1668002322608{padding-top: 70px !important;padding-bottom: 70px !important;}\u00a0\u00bb][vc_column][vc_column_text css=\u00a0\u00bb\u00a0\u00bb]<strong>Jeter un \u0153il \u00e0 nos antennes\u00a0<\/strong>[\/vc_column_text][vc_row_inner equal_height=\u00a0\u00bbyes\u00a0\u00bb][vc_column_inner width=\u00a0\u00bb1\/3&Prime;][vc_single_image img_size=\u00a0\u00bblarge\u00a0\u00bb alignment=\u00a0\u00bbcenter\u00a0\u00bb onclick=\u00a0\u00bbcustom_link\u00a0\u00bb img_link_target=\u00a0\u00bb_blank\u00a0\u00bb css=\u00a0\u00bb.vc_custom_1764686190208{background-color: #FFFFFF !important;border-radius: 35px !important;}\u00a0\u00bb image=\u00a0\u00bb1038&Prime; el_class=\u00a0\u00bbproductimage\u00a0\u00bb link=\u00a0\u00bbhttps:\/\/www.repeteur-gsm.fr\/catalogsearch\/result\/?q=antennes\u00a0\u00bb][vc_column_text css=\u00a0\u00bb\u00a0\u00bb el_class=\u00a0\u00bbtitlebuttonsameline\u00a0\u00bb]<b>ANTENNES DIRECTIONNELLES<\/b>[\/vc_column_text]<a\thref=\"https:\/\/www.repeteur-gsm.fr\/catalogsearch\/result\/?q=antennes\" \n\t\t\t\tclass=\"button btn_medium btn_theme_color btn_rounded btn_normal_style    titlebuttonsameline\"  target='_blank'><span>En savoir plus<\/span><\/a>[\/vc_column_inner][vc_column_inner width=\u00a0\u00bb1\/3&Prime;][vc_single_image img_size=\u00a0\u00bblarge\u00a0\u00bb alignment=\u00a0\u00bbcenter\u00a0\u00bb onclick=\u00a0\u00bbcustom_link\u00a0\u00bb img_link_target=\u00a0\u00bb_blank\u00a0\u00bb css=\u00a0\u00bb.vc_custom_1764686198732{background-color: #FFFFFF !important;border-radius: 35px !important;}\u00a0\u00bb image=\u00a0\u00bb1131&Prime; el_class=\u00a0\u00bbproductimage\u00a0\u00bb link=\u00a0\u00bbhttps:\/\/www.repeteur-gsm.fr\/catalogsearch\/result\/?q=antennes\u00a0\u00bb][vc_column_text css=\u00a0\u00bb\u00a0\u00bb el_class=\u00a0\u00bbtitlebuttonsameline\u00a0\u00bb]<b>ANTENNES INTERIEURES<\/b>[\/vc_column_text]<a\thref=\"https:\/\/www.repeteur-gsm.fr\/catalogsearch\/result\/?q=antennes\" \n\t\t\t\tclass=\"button btn_medium btn_theme_color btn_rounded btn_3d    titlebuttonsameline\"  target='_blank'><span>En savoir plus<\/span><\/a>[\/vc_column_inner][vc_column_inner width=\u00a0\u00bb1\/3&Prime;][vc_single_image img_size=\u00a0\u00bblarge\u00a0\u00bb alignment=\u00a0\u00bbcenter\u00a0\u00bb onclick=\u00a0\u00bbcustom_link\u00a0\u00bb img_link_target=\u00a0\u00bb_blank\u00a0\u00bb css=\u00a0\u00bb.vc_custom_1764686207704{background-color: #FFFFFF !important;border-radius: 35px !important;}\u00a0\u00bb image=\u00a0\u00bb1130&Prime; el_class=\u00a0\u00bbproductimage\u00a0\u00bb link=\u00a0\u00bbhttps:\/\/www.repeteur-gsm.fr\/catalogsearch\/result\/?q=antennes\u00a0\u00bb][vc_column_text css=\u00a0\u00bb\u00a0\u00bb el_class=\u00a0\u00bbtitlebuttonsameline\u00a0\u00bb]<b>ANTENNES EXTERIEURES\u00a0<\/b>[\/vc_column_text]<a\thref=\"https:\/\/www.repeteur-gsm.fr\/catalogsearch\/result\/?q=antennes\" \n\t\t\t\tclass=\"button btn_medium btn_theme_color btn_rounded btn_3d    titlebuttonsameline\"  target='_blank'><span>En savoir plus<\/span><\/a>[\/vc_column_inner][\/vc_row_inner][\/vc_column][\/vc_row][vc_row full_width=\u00a0\u00bbstretch_row\u00a0\u00bb bg_type=\u00a0\u00bbbg_color\u00a0\u00bb bg_color_value=\u00a0\u00bb#1a1a1a\u00a0\u00bb css=\u00a0\u00bb.vc_custom_1665737337034{margin-top: -50px !important;margin-bottom: -50px !important;padding-top: 30px !important;padding-bottom: 105px !important;}\u00a0\u00bb][vc_column][vc_row_inner][vc_column_inner]<div class=\"boc_divider_holder\"><div class=\"boc_divider  \"  style=\"margin-bottom: 20px;height: 1px;background: #e21f1d;\"><\/div><\/div>[\/vc_column_inner][\/vc_row_inner][vc_row_inner][vc_column_inner width=\u00a0\u00bb1\/2&Prime; css=\u00a0\u00bb.vc_custom_1665736661324{padding-right: 50px !important;padding-left: 50px !important;}\u00a0\u00bb][vc_column_text css=\u00a0\u00bb\u00a0\u00bb]<\/p>\n<p style=\"color: #ffffff; text-align: left;\"><strong>A propos de nous\u00a0<\/strong><\/p>\n<p style=\"color: #ffffff; text-align: left;\">Nos produits Rosenfelt sont vendus partout dans le monde !<\/p>\n<p style=\"color: #ffffff; text-align: left;\">Rosenfelt a \u00e9t\u00e9 fond\u00e9e en 2013 \u00e0 Amsterdam, aux Pays-Bas. En constatant la probl\u00e9matique d\u2019avoir une mauvaise r\u00e9ception mobile au bureau, nous avons d\u00e9velopp\u00e9 des \u00e9quipements de haute qualit\u00e9 pour r\u00e9soudre ce probl\u00e8me.<\/p>\n<p style=\"color: #ffffff; text-align: left;\">Ce fut le d\u00e9but de la gamme de produits Rosenfelt R\u00e9p\u00e9teur GSM &amp; Accessoires. Les produits Rosenfelt ont rapidement conquis le march\u00e9 europ\u00e9en et mondial.<\/p>\n<p>[\/vc_column_text]<div class=\"boc_spacing \" style=\"height: 20px\"><\/div>[\/vc_column_inner][vc_column_inner width=\u00a0\u00bb1\/2&Prime; css=\u00a0\u00bb.vc_custom_1665736666134{padding-right: 50px !important;padding-left: 50px !important;}\u00a0\u00bb][vc_column_text css=\u00a0\u00bb\u00a0\u00bb]<\/p>\n<p style=\"color: #ffffff; text-align: left;\"><strong>Contactez-nous<\/strong><\/p>\n<p style=\"color: #ffffff; text-align: left;\">\u00cates-vous int\u00e9ress\u00e9 par nos produits? Tous nos produits sont vendus exclusivement sur notre site <a href=\"https:\/\/www.repeteur-gsm.fr\/\" target=\"_blank\" rel=\"noopener\">REPETEUR-GSM.fr.<\/a><\/p>\n<p style=\"color: #ffffff; text-align: left;\">Remplissez vos coordonn\u00e9es et nous reviendrons vers vous !<\/p>\n<p style=\"color: #ffffff; text-align: left;\">E-mail :<br \/>\n<a href=\"mailto:info@rosenfelt.eu\">info@rosenfelt.eu<\/a><\/p>\n<p style=\"color: #ffffff; text-align: left;\">Num\u00e9ro de t\u00e9l\u00e9phone :<br \/>\n<a href=\"tel:+33 (0) 4 88 91 28 35\">+33 (0) 4 88 91 28 35<\/a><\/p>\n<p>[\/vc_column_text]<div class=\"boc_spacing \" style=\"height: 20px\"><\/div>[\/vc_column_inner][\/vc_row_inner][\/vc_column][\/vc_row]<\/p>\n<\/div>","protected":false},"excerpt":{"rendered":"<p>[vc_row full_height=\u00a0\u00bbyes\u00a0\u00bb css=\u00a0\u00bb.vc_custom_1659436550199{margin-top: -180px !important;}\u00a0\u00bb][vc_column][\/vc_column][\/vc_row][vc_row css=\u00a0\u00bb.vc_custom_1660735463285{margin-top: -50px !important;}\u00a0\u00bb][vc_column][vc_row_inner][vc_column_inner width=\u00a0\u00bb1\/6&Prime;][\/vc_column_inner][vc_column_inner width=\u00a0\u00bb2\/3&Prime;][vc_column_text css=\u00a0\u00bb.vc_custom_1725634392937{margin-top: -50px !important;}\u00a0\u00bb] Les antennes Rosenfelt garantissent toujours les meilleurs r\u00e9sultats. Des antennes Yagi directionnelles \u00e0 gain \u00e9lev\u00e9 pour une utilisation l\u00e0 ou le signal est faible ou presque inexistant aux antennes 0 dBi pour un environnement avec une tr\u00e8s forte r\u00e9ception en centre-ville. Des antennes int\u00e9rieures de qualit\u00e9 industrielle<\/p>\n<div class=\"h10\"><\/div>\n<p><a class=\"more-link1\" href=\"https:\/\/www.rosenfelt.eu\/fr\/antennes\/\">Read more<\/a><\/p>\n","protected":false},"author":1,"featured_media":0,"parent":0,"menu_order":0,"comment_status":"closed","ping_status":"closed","template":"","meta":{"footnotes":""},"class_list":["post-1128","page","type-page","status-publish","hentry"],"yoast_head":"<!-- This site is optimized with the Yoast SEO plugin v26.4 - https:\/\/yoast.com\/wordpress\/plugins\/seo\/ -->\n<title>Antennes - Rosenfelt<\/title>\n<meta name=\"robots\" content=\"index, follow, max-snippet:-1, max-image-preview:large, max-video-preview:-1\" \/>\n<link rel=\"canonical\" href=\"https:\/\/www.rosenfelt.eu\/fr\/antennes\/\" \/>\n<meta property=\"og:locale\" content=\"fr_FR\" \/>\n<meta property=\"og:type\" content=\"article\" \/>\n<meta property=\"og:title\" content=\"Antennes - Rosenfelt\" \/>\n<meta property=\"og:description\" content=\"[vc_row full_height=\u00a0\u00bbyes\u00a0\u00bb css=\u00a0\u00bb.vc_custom_1659436550199{margin-top: -180px !important;}\u00a0\u00bb][vc_column][\/vc_column][\/vc_row][vc_row css=\u00a0\u00bb.vc_custom_1660735463285{margin-top: -50px !important;}\u00a0\u00bb][vc_column][vc_row_inner][vc_column_inner width=\u00a0\u00bb1\/6&Prime;][\/vc_column_inner][vc_column_inner width=\u00a0\u00bb2\/3&Prime;][vc_column_text css=\u00a0\u00bb.vc_custom_1725634392937{margin-top: -50px !important;}\u00a0\u00bb] Les antennes Rosenfelt garantissent toujours les meilleurs r\u00e9sultats. Des antennes Yagi directionnelles \u00e0 gain \u00e9lev\u00e9 pour une utilisation l\u00e0 ou le signal est faible ou presque inexistant aux antennes 0 dBi pour un environnement avec une tr\u00e8s forte r\u00e9ception en centre-ville. Des antennes int\u00e9rieures de qualit\u00e9 industrielleRead more\" \/>\n<meta property=\"og:url\" content=\"https:\/\/www.rosenfelt.eu\/fr\/antennes\/\" \/>\n<meta property=\"og:site_name\" content=\"Rosenfelt\" \/>\n<meta property=\"article:modified_time\" content=\"2025-12-02T14:36:53+00:00\" \/>\n<meta name=\"twitter:card\" content=\"summary_large_image\" \/>\n<meta name=\"twitter:label1\" content=\"Dur\u00e9e de lecture estim\u00e9e\" \/>\n\t<meta name=\"twitter:data1\" content=\"2 minutes\" \/>\n<script type=\"application\/ld+json\" class=\"yoast-schema-graph\">{\"@context\":\"https:\/\/schema.org\",\"@graph\":[{\"@type\":\"WebPage\",\"@id\":\"https:\/\/www.rosenfelt.eu\/fr\/antennes\/\",\"url\":\"https:\/\/www.rosenfelt.eu\/fr\/antennes\/\",\"name\":\"Antennes - Rosenfelt\",\"isPartOf\":{\"@id\":\"https:\/\/www.rosenfelt.eu\/fr\/#website\"},\"datePublished\":\"2022-08-17T11:38:17+00:00\",\"dateModified\":\"2025-12-02T14:36:53+00:00\",\"breadcrumb\":{\"@id\":\"https:\/\/www.rosenfelt.eu\/fr\/antennes\/#breadcrumb\"},\"inLanguage\":\"fr-FR\",\"potentialAction\":[{\"@type\":\"ReadAction\",\"target\":[\"https:\/\/www.rosenfelt.eu\/fr\/antennes\/\"]}]},{\"@type\":\"BreadcrumbList\",\"@id\":\"https:\/\/www.rosenfelt.eu\/fr\/antennes\/#breadcrumb\",\"itemListElement\":[{\"@type\":\"ListItem\",\"position\":1,\"name\":\"Home\",\"item\":\"https:\/\/www.rosenfelt.eu\/fr\/\"},{\"@type\":\"ListItem\",\"position\":2,\"name\":\"Antennes\"}]},{\"@type\":\"WebSite\",\"@id\":\"https:\/\/www.rosenfelt.eu\/fr\/#website\",\"url\":\"https:\/\/www.rosenfelt.eu\/fr\/\",\"name\":\"Rosenfelt\",\"description\":\"GSM Repeater Systems &amp; Accessories\",\"publisher\":{\"@id\":\"https:\/\/www.rosenfelt.eu\/fr\/#organization\"},\"potentialAction\":[{\"@type\":\"SearchAction\",\"target\":{\"@type\":\"EntryPoint\",\"urlTemplate\":\"https:\/\/www.rosenfelt.eu\/fr\/?s={search_term_string}\"},\"query-input\":{\"@type\":\"PropertyValueSpecification\",\"valueRequired\":true,\"valueName\":\"search_term_string\"}}],\"inLanguage\":\"fr-FR\"},{\"@type\":\"Organization\",\"@id\":\"https:\/\/www.rosenfelt.eu\/fr\/#organization\",\"name\":\"Rosenfelt\",\"url\":\"https:\/\/www.rosenfelt.eu\/fr\/\",\"logo\":{\"@type\":\"ImageObject\",\"inLanguage\":\"fr-FR\",\"@id\":\"https:\/\/www.rosenfelt.eu\/fr\/#\/schema\/logo\/image\/\",\"url\":\"https:\/\/www.rosenfelt.eu\/wp-content\/uploads\/2022\/08\/rosenfelt-logo-1.png\",\"contentUrl\":\"https:\/\/www.rosenfelt.eu\/wp-content\/uploads\/2022\/08\/rosenfelt-logo-1.png\",\"width\":250,\"height\":99,\"caption\":\"Rosenfelt\"},\"image\":{\"@id\":\"https:\/\/www.rosenfelt.eu\/fr\/#\/schema\/logo\/image\/\"}}]}<\/script>\n<!-- \/ Yoast SEO plugin. -->","yoast_head_json":{"title":"Antennes - Rosenfelt","robots":{"index":"index","follow":"follow","max-snippet":"max-snippet:-1","max-image-preview":"max-image-preview:large","max-video-preview":"max-video-preview:-1"},"canonical":"https:\/\/www.rosenfelt.eu\/fr\/antennes\/","og_locale":"fr_FR","og_type":"article","og_title":"Antennes - Rosenfelt","og_description":"[vc_row full_height=\u00a0\u00bbyes\u00a0\u00bb css=\u00a0\u00bb.vc_custom_1659436550199{margin-top: -180px !important;}\u00a0\u00bb][vc_column][\/vc_column][\/vc_row][vc_row css=\u00a0\u00bb.vc_custom_1660735463285{margin-top: -50px !important;}\u00a0\u00bb][vc_column][vc_row_inner][vc_column_inner width=\u00a0\u00bb1\/6&Prime;][\/vc_column_inner][vc_column_inner width=\u00a0\u00bb2\/3&Prime;][vc_column_text css=\u00a0\u00bb.vc_custom_1725634392937{margin-top: -50px !important;}\u00a0\u00bb] Les antennes Rosenfelt garantissent toujours les meilleurs r\u00e9sultats. Des antennes Yagi directionnelles \u00e0 gain \u00e9lev\u00e9 pour une utilisation l\u00e0 ou le signal est faible ou presque inexistant aux antennes 0 dBi pour un environnement avec une tr\u00e8s forte r\u00e9ception en centre-ville. Des antennes int\u00e9rieures de qualit\u00e9 industrielleRead more","og_url":"https:\/\/www.rosenfelt.eu\/fr\/antennes\/","og_site_name":"Rosenfelt","article_modified_time":"2025-12-02T14:36:53+00:00","twitter_card":"summary_large_image","twitter_misc":{"Dur\u00e9e de lecture estim\u00e9e":"2 minutes"},"schema":{"@context":"https:\/\/schema.org","@graph":[{"@type":"WebPage","@id":"https:\/\/www.rosenfelt.eu\/fr\/antennes\/","url":"https:\/\/www.rosenfelt.eu\/fr\/antennes\/","name":"Antennes - Rosenfelt","isPartOf":{"@id":"https:\/\/www.rosenfelt.eu\/fr\/#website"},"datePublished":"2022-08-17T11:38:17+00:00","dateModified":"2025-12-02T14:36:53+00:00","breadcrumb":{"@id":"https:\/\/www.rosenfelt.eu\/fr\/antennes\/#breadcrumb"},"inLanguage":"fr-FR","potentialAction":[{"@type":"ReadAction","target":["https:\/\/www.rosenfelt.eu\/fr\/antennes\/"]}]},{"@type":"BreadcrumbList","@id":"https:\/\/www.rosenfelt.eu\/fr\/antennes\/#breadcrumb","itemListElement":[{"@type":"ListItem","position":1,"name":"Home","item":"https:\/\/www.rosenfelt.eu\/fr\/"},{"@type":"ListItem","position":2,"name":"Antennes"}]},{"@type":"WebSite","@id":"https:\/\/www.rosenfelt.eu\/fr\/#website","url":"https:\/\/www.rosenfelt.eu\/fr\/","name":"Rosenfelt","description":"GSM Repeater Systems &amp; Accessories","publisher":{"@id":"https:\/\/www.rosenfelt.eu\/fr\/#organization"},"potentialAction":[{"@type":"SearchAction","target":{"@type":"EntryPoint","urlTemplate":"https:\/\/www.rosenfelt.eu\/fr\/?s={search_term_string}"},"query-input":{"@type":"PropertyValueSpecification","valueRequired":true,"valueName":"search_term_string"}}],"inLanguage":"fr-FR"},{"@type":"Organization","@id":"https:\/\/www.rosenfelt.eu\/fr\/#organization","name":"Rosenfelt","url":"https:\/\/www.rosenfelt.eu\/fr\/","logo":{"@type":"ImageObject","inLanguage":"fr-FR","@id":"https:\/\/www.rosenfelt.eu\/fr\/#\/schema\/logo\/image\/","url":"https:\/\/www.rosenfelt.eu\/wp-content\/uploads\/2022\/08\/rosenfelt-logo-1.png","contentUrl":"https:\/\/www.rosenfelt.eu\/wp-content\/uploads\/2022\/08\/rosenfelt-logo-1.png","width":250,"height":99,"caption":"Rosenfelt"},"image":{"@id":"https:\/\/www.rosenfelt.eu\/fr\/#\/schema\/logo\/image\/"}}]}},"_links":{"self":[{"href":"https:\/\/www.rosenfelt.eu\/fr\/wp-json\/wp\/v2\/pages\/1128","targetHints":{"allow":["GET"]}}],"collection":[{"href":"https:\/\/www.rosenfelt.eu\/fr\/wp-json\/wp\/v2\/pages"}],"about":[{"href":"https:\/\/www.rosenfelt.eu\/fr\/wp-json\/wp\/v2\/types\/page"}],"author":[{"embeddable":true,"href":"https:\/\/www.rosenfelt.eu\/fr\/wp-json\/wp\/v2\/users\/1"}],"replies":[{"embeddable":true,"href":"https:\/\/www.rosenfelt.eu\/fr\/wp-json\/wp\/v2\/comments?post=1128"}],"version-history":[{"count":10,"href":"https:\/\/www.rosenfelt.eu\/fr\/wp-json\/wp\/v2\/pages\/1128\/revisions"}],"predecessor-version":[{"id":1467,"href":"https:\/\/www.rosenfelt.eu\/fr\/wp-json\/wp\/v2\/pages\/1128\/revisions\/1467"}],"wp:attachment":[{"href":"https:\/\/www.rosenfelt.eu\/fr\/wp-json\/wp\/v2\/media?parent=1128"}],"curies":[{"name":"wp","href":"https:\/\/api.w.org\/{rel}","templated":true}]}}