{"id":1221,"date":"2022-08-02T09:18:04","date_gmt":"2022-08-02T07:18:04","guid":{"rendered":"https:\/\/www.rosenfelt.eu\/homepage-2\/"},"modified":"2025-11-26T12:09:30","modified_gmt":"2025-11-26T11:09:30","slug":"home","status":"publish","type":"page","link":"https:\/\/www.rosenfelt.eu\/fr\/","title":{"rendered":"Home"},"content":{"rendered":"<div class=\"wpb-content-wrapper\"><p>[vc_row full_height=\u00a0\u00bbyes\u00a0\u00bb css=\u00a0\u00bb.vc_custom_1659436550199{margin-top: -180px !important;}\u00a0\u00bb][vc_column]\n\t\t\t<!-- START Homepage FR REVOLUTION SLIDER 6.7.38 --><p class=\"rs-p-wp-fix\"><\/p>\n\t\t\t<rs-module-wrap id=\"rev_slider_21_1_wrapper\" data-source=\"gallery\" style=\"visibility:hidden;background:transparent;padding:0;\">\n\t\t\t\t<rs-module id=\"rev_slider_21_1\" style=\"\" data-version=\"6.7.38\">\n\t\t\t\t\t<rs-slides style=\"overflow: hidden; position: absolute;\">\n\t\t\t\t\t\t<rs-slide style=\"position: absolute;\" data-key=\"rs-34\" data-title=\"Slide\" data-duration=\"4500\" data-anim=\"ms:1000ms;\" data-in=\"o:0;\" data-out=\"a:false;\">\n\t\t\t\t\t\t\t<img decoding=\"async\" src=\"\/\/www.rosenfelt.eu\/wp-content\/plugins\/revslider\/sr6\/assets\/assets\/dummy.png\" alt=\"Hero image home page Rosenfelt mountains\" title=\"Hero image home page Rosenfelt mountains\" width=\"1707\" height=\"2560\" class=\"rev-slidebg tp-rs-img rs-lazyload\" data-lazyload=\"\/\/test.rosenfelt.eu\/wp-content\/uploads\/2022\/08\/jorgen-en-hendriksen-working-together-scaled.jpg\" data-bg=\"p:0% 63%;\" data-no-retina>\n<!--\n\t\t\t\t\t\t\t--><rs-layer\n\t\t\t\t\t\t\t\tid=\"slider-21-slide-34-layer-5\" \n\t\t\t\t\t\t\t\tdata-type=\"shape\"\n\t\t\t\t\t\t\t\tdata-rsp_ch=\"on\"\n\t\t\t\t\t\t\t\tdata-xy=\"x:c;y:m;\"\n\t\t\t\t\t\t\t\tdata-text=\"w:normal;\"\n\t\t\t\t\t\t\t\tdata-dim=\"w:100%;h:100%;\"\n\t\t\t\t\t\t\t\tdata-basealign=\"slide\"\n\t\t\t\t\t\t\t\tdata-frame_999=\"o:0;e:none;st:w;sR:5700;\"\n\t\t\t\t\t\t\t\tstyle=\"z-index:8;background-color:rgba(0,0,0,0.25);\"\n\t\t\t\t\t\t\t><rs-bg-elem style=\"background: url('\/\/www.rosenfelt.eu\/wp-content\/uploads\/2022\/08\/The-road-to-contact-scaled.jpg') no-repeat center center; background-size: cover;\"><\/rs-bg-elem>\n \n\t\t\t\t\t\t\t<\/rs-layer><!--\n\n\t\t\t\t\t\t\t--><rs-layer\n\t\t\t\t\t\t\t\tid=\"slider-21-slide-34-layer-7\" \n\t\t\t\t\t\t\t\tdata-type=\"text\"\n\t\t\t\t\t\t\t\tdata-rsp_ch=\"on\"\n\t\t\t\t\t\t\t\tdata-xy=\"x:c;y:m;yo:0,0,0,-30px;\"\n\t\t\t\t\t\t\t\tdata-text=\"w:nowrap;s:50,50,50,32;l:60,60,60,40;ls:-2px,-2px,-2px,0px;fw:700;a:center;\"\n\t\t\t\t\t\t\t\tdata-dim=\"w:925px,925px,925px,357px;\"\n\t\t\t\t\t\t\t\tdata-frame_0=\"y:50,50,50,19;\"\n\t\t\t\t\t\t\t\tdata-frame_1=\"sp:2250;\"\n\t\t\t\t\t\t\t\tdata-frame_999=\"y:-50,-50,-50,-19;o:0;st:2250;sp:2250;\"\n\t\t\t\t\t\t\t\tstyle=\"z-index:9;font-family:'Roboto';\"\n\t\t\t\t\t\t\t>NOUS APPORTONS LA VIE <br \/>\nAUX MONTAGNES \n\t\t\t\t\t\t\t<\/rs-layer><!--\n-->\t\t\t\t\t<\/rs-slide>\n\t\t\t\t\t\t<rs-slide style=\"position: absolute;\" data-key=\"rs-35\" data-title=\"Slide\" data-duration=\"4500ms\" data-anim=\"ms:1000ms;\" data-in=\"o:0;\" data-out=\"a:false;\">\n\t\t\t\t\t\t\t<img decoding=\"async\" src=\"\/\/www.rosenfelt.eu\/wp-content\/plugins\/revslider\/sr6\/assets\/assets\/dummy.png\" alt=\"Hero image home page Rosenfelt sea\" title=\"Hero image home page Rosenfelt sea\" width=\"2560\" height=\"1709\" class=\"rev-slidebg tp-rs-img rs-lazyload\" data-lazyload=\"\/\/test.rosenfelt.eu\/wp-content\/uploads\/2022\/08\/in-the-middle-of-nowhare-scaled.jpg\" data-bg=\"p:center top;\" data-no-retina>\n<!--\n\t\t\t\t\t\t\t--><rs-layer\n\t\t\t\t\t\t\t\tid=\"slider-21-slide-35-layer-5\" \n\t\t\t\t\t\t\t\tdata-type=\"shape\"\n\t\t\t\t\t\t\t\tdata-rsp_ch=\"on\"\n\t\t\t\t\t\t\t\tdata-xy=\"x:c;y:m;\"\n\t\t\t\t\t\t\t\tdata-text=\"w:normal;\"\n\t\t\t\t\t\t\t\tdata-dim=\"w:100%;h:100%;\"\n\t\t\t\t\t\t\t\tdata-basealign=\"slide\"\n\t\t\t\t\t\t\t\tdata-frame_999=\"o:0;st:w;sR:4200;\"\n\t\t\t\t\t\t\t\tstyle=\"z-index:8;background-color:rgba(0,0,0,0.25);\"\n\t\t\t\t\t\t\t><rs-bg-elem style=\"background: url('\/\/www.rosenfelt.eu\/wp-content\/uploads\/2022\/08\/high-end-solution-maunton-scaled.jpg') no-repeat center center; background-size: cover;\"><\/rs-bg-elem>\n \n\t\t\t\t\t\t\t<\/rs-layer><!--\n\n\t\t\t\t\t\t\t--><rs-layer\n\t\t\t\t\t\t\t\tid=\"slider-21-slide-35-layer-7\" \n\t\t\t\t\t\t\t\tdata-type=\"text\"\n\t\t\t\t\t\t\t\tdata-rsp_ch=\"on\"\n\t\t\t\t\t\t\t\tdata-xy=\"x:c;y:m;yo:0,0,0,-30px;\"\n\t\t\t\t\t\t\t\tdata-text=\"w:nowrap;s:50,50,50,32;l:60,60,60,40;ls:-2px,-2px,-2px,0px;fw:700;a:center;\"\n\t\t\t\t\t\t\t\tdata-dim=\"w:925px,925px,925px,357px;\"\n\t\t\t\t\t\t\t\tdata-frame_0=\"y:50,50,50,19;\"\n\t\t\t\t\t\t\t\tdata-frame_1=\"sp:2250;\"\n\t\t\t\t\t\t\t\tdata-frame_999=\"y:-50,-50,-50,-19;o:0;st:2250;sp:2250;\"\n\t\t\t\t\t\t\t\tstyle=\"z-index:9;font-family:'Roboto';\"\n\t\t\t\t\t\t\t>NOUS ASSURONS LA COUVERTURE<br \/>\nDES ZONES RECUL\u00c9ES \n\t\t\t\t\t\t\t<\/rs-layer><!--\n-->\t\t\t\t\t<\/rs-slide>\n\t\t\t\t\t\t<rs-slide style=\"position: absolute;\" data-key=\"rs-36\" data-title=\"Slide\" data-duration=\"4500ms\" data-anim=\"ms:1000ms;\" data-in=\"o:0;\" data-out=\"a:false;\">\n\t\t\t\t\t\t\t<img decoding=\"async\" src=\"\/\/www.rosenfelt.eu\/wp-content\/plugins\/revslider\/sr6\/assets\/assets\/dummy.png\" alt=\"Rosenfelt home page hero image\" title=\"Rosenfelt home page hero image\" width=\"2560\" height=\"1707\" class=\"rev-slidebg tp-rs-img rs-lazyload\" data-lazyload=\"\/\/test.rosenfelt.eu\/wp-content\/uploads\/2022\/08\/echo-trough-the-valley-scaled.jpg\" data-no-retina>\n<!--\n\t\t\t\t\t\t\t--><rs-layer\n\t\t\t\t\t\t\t\tid=\"slider-21-slide-36-layer-5\" \n\t\t\t\t\t\t\t\tdata-type=\"shape\"\n\t\t\t\t\t\t\t\tdata-rsp_ch=\"on\"\n\t\t\t\t\t\t\t\tdata-xy=\"x:c;y:m;\"\n\t\t\t\t\t\t\t\tdata-text=\"w:normal;\"\n\t\t\t\t\t\t\t\tdata-dim=\"w:100%;h:100%;\"\n\t\t\t\t\t\t\t\tdata-basealign=\"slide\"\n\t\t\t\t\t\t\t\tdata-frame_999=\"o:0;st:w;\"\n\t\t\t\t\t\t\t\tstyle=\"z-index:8;background-color:rgba(0,0,0,0.25);\"\n\t\t\t\t\t\t\t><rs-bg-elem style=\"background: url('\/\/www.rosenfelt.eu\/wp-content\/uploads\/2022\/08\/in-the-middle-of-nowhare-scaled.jpg') no-repeat center center; background-size: cover;\"><\/rs-bg-elem>\n \n\t\t\t\t\t\t\t<\/rs-layer><!--\n\n\t\t\t\t\t\t\t--><rs-layer\n\t\t\t\t\t\t\t\tid=\"slider-21-slide-36-layer-7\" \n\t\t\t\t\t\t\t\tdata-type=\"text\"\n\t\t\t\t\t\t\t\tdata-rsp_ch=\"on\"\n\t\t\t\t\t\t\t\tdata-xy=\"x:c;y:m;yo:0,0,0,-30px;\"\n\t\t\t\t\t\t\t\tdata-text=\"w:nowrap;s:50,50,50,32;l:60,60,60,40;ls:-2px,-2px,-2px,0px;fw:700;a:center;\"\n\t\t\t\t\t\t\t\tdata-dim=\"w:925px,925px,925px,384px;\"\n\t\t\t\t\t\t\t\tdata-frame_0=\"y:50,50,50,19;\"\n\t\t\t\t\t\t\t\tdata-frame_1=\"sp:2250;\"\n\t\t\t\t\t\t\t\tdata-frame_999=\"y:-50,-50,-50,-19;o:0;st:2250;sp:2250;\"\n\t\t\t\t\t\t\t\tstyle=\"z-index:9;font-family:'Roboto';\"\n\t\t\t\t\t\t\t>NOUS RELIONS LES GENS DANS<br \/>\nTOUS LES LIEUX IMAGINAIRES \n\t\t\t\t\t\t\t<\/rs-layer><!--\n-->\t\t\t\t\t<\/rs-slide>\n\t\t\t\t\t\t<rs-slide style=\"position: absolute;\" data-key=\"rs-37\" data-title=\"Slide\" data-duration=\"4500ms\" data-anim=\"ms:1000ms;\" data-in=\"o:0;\" data-out=\"a:false;\">\n\t\t\t\t\t\t\t<img decoding=\"async\" src=\"\/\/www.rosenfelt.eu\/wp-content\/plugins\/revslider\/sr6\/assets\/assets\/dummy.png\" alt=\"Rosenfelt hero afbeelding Homepagina grote stad\" title=\"Rosenfelt hero afbeelding Homepagina grote stad\" width=\"2560\" height=\"1589\" class=\"rev-slidebg tp-rs-img rs-lazyload\" data-lazyload=\"\/\/test.rosenfelt.eu\/wp-content\/uploads\/2022\/08\/Rosenfelt-hero-afbeelding-Homepagina-grote-stad-scaled.jpg\" data-no-retina>\n<!--\n\t\t\t\t\t\t\t--><rs-layer\n\t\t\t\t\t\t\t\tid=\"slider-21-slide-37-layer-5\" \n\t\t\t\t\t\t\t\tdata-type=\"shape\"\n\t\t\t\t\t\t\t\tdata-rsp_ch=\"on\"\n\t\t\t\t\t\t\t\tdata-xy=\"x:c;y:m;\"\n\t\t\t\t\t\t\t\tdata-text=\"w:normal;\"\n\t\t\t\t\t\t\t\tdata-dim=\"w:100%;h:100%;\"\n\t\t\t\t\t\t\t\tdata-basealign=\"slide\"\n\t\t\t\t\t\t\t\tdata-frame_999=\"o:0;st:w;\"\n\t\t\t\t\t\t\t\tstyle=\"z-index:8;background-color:rgba(0,0,0,0.25);\"\n\t\t\t\t\t\t\t><rs-bg-elem style=\"background: url('\/\/www.rosenfelt.eu\/wp-content\/uploads\/2022\/08\/Slider-afbeelding-Rosenfelt-GSM-Repeater-productpagina-scaled.jpg') no-repeat center center; background-size: cover;\"><\/rs-bg-elem>\n \n\t\t\t\t\t\t\t<\/rs-layer><!--\n\n\t\t\t\t\t\t\t--><rs-layer\n\t\t\t\t\t\t\t\tid=\"slider-21-slide-37-layer-7\" \n\t\t\t\t\t\t\t\tdata-type=\"text\"\n\t\t\t\t\t\t\t\tdata-rsp_ch=\"on\"\n\t\t\t\t\t\t\t\tdata-xy=\"x:c;y:m;yo:0,0,0,-30px;\"\n\t\t\t\t\t\t\t\tdata-text=\"w:nowrap;s:50,50,50,32;l:60,60,60,40;ls:-2px,-2px,-2px,0px;fw:700;a:center;\"\n\t\t\t\t\t\t\t\tdata-dim=\"w:925px,925px,925px,384px;\"\n\t\t\t\t\t\t\t\tdata-frame_0=\"y:50,50,50,19;\"\n\t\t\t\t\t\t\t\tdata-frame_1=\"sp:2250;\"\n\t\t\t\t\t\t\t\tdata-frame_999=\"y:-50,-50,-50,-19;o:0;st:2250;sp:2250;\"\n\t\t\t\t\t\t\t\tstyle=\"z-index:9;font-family:'Roboto';\"\n\t\t\t\t\t\t\t>NOUS RELIONS LES GENS DANS<br \/>\nTOUS LES LIEUX IMAGINAIRES \n\t\t\t\t\t\t\t<\/rs-layer><!--\n-->\t\t\t\t\t<\/rs-slide>\n\t\t\t\t\t<\/rs-slides>\n\t\t\t\t\t<rs-static-layers><!--\n\t\t\t\t\t--><\/rs-static-layers>\n\t\t\t\t<\/rs-module>\n\t\t\t\t<script>\n\t\t\t\t\tsetREVStartSize({c: 'rev_slider_21_1',rl:[1240,1240,1240,480],el:[900,900,900,720],gw:[1240,1240,1240,480],gh:[900,900,900,720],type:'standard',justify:'',layout:'fullscreen',offsetContainer:'',offset:'',mh:\"0\"});if (window.RS_MODULES!==undefined && window.RS_MODULES.modules!==undefined && window.RS_MODULES.modules[\"revslider211\"]!==undefined) {window.RS_MODULES.modules[\"revslider211\"].once = false;window.revapi21 = undefined;if (window.RS_MODULES.checkMinimal!==undefined) window.RS_MODULES.checkMinimal()}\n\t\t\t\t<\/script>\n\t\t\t<\/rs-module-wrap>\n\t\t\t<!-- END REVOLUTION SLIDER -->\n[\/vc_column][\/vc_row][vc_row][vc_column][vc_row_inner][vc_column_inner width=\u00a0\u00bb1\/6&Prime;][\/vc_column_inner][vc_column_inner width=\u00a0\u00bb2\/3&Prime;][vc_column_text css=\u00a0\u00bb.vc_custom_1725632871920{padding-bottom: 50px !important;}\u00a0\u00bb]<\/p>\n<p style=\"margin-left: 40px; text-align: center;\"><span style=\"color: #e21f1d;\"><span style=\"font-size: 50px;\"><span style=\"line-height: 1.2;\"><strong>Rosenfelt.<br \/>\nSolutions de couverture mobile indoor r\u00e9serv\u00e9es aux professionnels<\/strong><\/span><\/span><\/span><\/p>\n<p>[\/vc_column_text][vc_column_text css=\u00a0\u00bb.vc_custom_1725633000962{margin-top: -50px !important;}\u00a0\u00bb]<\/p>\n<p style=\"text-align: center;\">Avez-vous d\u00e9j\u00e0 v\u00e9cu la frustration d\u2019avoir une mauvaise r\u00e9ception sur votre t\u00e9l\u00e9phone portable sur votre lieu de travail ou dans votre maison ? Les r\u00e9p\u00e9teurs GSM Rosenfelt offrent la possibilit\u00e9 de r\u00e9soudre cet inconv\u00e9nient. En utilisant les meilleurs mat\u00e9riaux, les derni\u00e8res innovations techniques et les ann\u00e9es d&rsquo;exp\u00e9rience de nos ing\u00e9nieurs en t\u00e9l\u00e9communications, nous livrons uniquement des produits hauts de gamme.<\/p>\n<p>[\/vc_column_text]<div class=\"boc_spacing \" style=\"height: 20px\"><\/div>[\/vc_column_inner][vc_column_inner width=\u00a0\u00bb1\/6&Prime;][\/vc_column_inner][\/vc_row_inner][\/vc_column][\/vc_row][vc_row full_width=\u00a0\u00bbstretch_row\u00a0\u00bb bg_type=\u00a0\u00bbbg_color\u00a0\u00bb bg_color_value=\u00a0\u00bb#edeff2&Prime; css=\u00a0\u00bb.vc_custom_1665738373211{padding-top: 70px !important;padding-bottom: 70px !important;}\u00a0\u00bb][vc_column][vc_column_text css=\u00a0\u00bb\u00a0\u00bb]<strong>Jeter un \u0153il \u00e0 nos produits<\/strong>[\/vc_column_text][vc_row_inner equal_height=\u00a0\u00bbyes\u00a0\u00bb][vc_column_inner width=\u00a0\u00bb1\/3&Prime;][vc_single_image img_size=\u00a0\u00bblarge\u00a0\u00bb alignment=\u00a0\u00bbcenter\u00a0\u00bb style=\u00a0\u00bbvc_box_shadow_3d\u00a0\u00bb onclick=\u00a0\u00bbcustom_link\u00a0\u00bb css=\u00a0\u00bb\u00a0\u00bb image=\u00a0\u00bb1044&Prime; el_class=\u00a0\u00bbproductimage\u00a0\u00bb link=\u00a0\u00bbhttps:\/\/www.rosenfelt.eu\/fr\/repeteur-gsm\/\u00a0\u00bb][vc_column_text css=\u00a0\u00bb\u00a0\u00bb el_class=\u00a0\u00bbtitlebuttonsameline\u00a0\u00bb]<strong>REPETEUR GSM<\/strong><br \/>\nDes possibilit\u00e9s infinies[\/vc_column_text]<a\thref=\"https:\/\/www.rosenfelt.eu\/fr\/repeteur-gsm\/\" \n\t\t\t\tclass=\"button btn_medium btn_theme_color btn_rounded btn_3d    titlebuttonsameline\"  target='_self'><span>En savoir plus<\/span><\/a>[\/vc_column_inner][vc_column_inner width=\u00a0\u00bb1\/3&Prime;][vc_single_image img_size=\u00a0\u00bblarge\u00a0\u00bb alignment=\u00a0\u00bbcenter\u00a0\u00bb style=\u00a0\u00bbvc_box_shadow_3d\u00a0\u00bb onclick=\u00a0\u00bbcustom_link\u00a0\u00bb css=\u00a0\u00bb\u00a0\u00bb image=\u00a0\u00bb1042&Prime; el_class=\u00a0\u00bbproductimage\u00a0\u00bb link=\u00a0\u00bbhttps:\/\/www.rosenfelt.eu\/fr\/antennes\/\u00a0\u00bb][vc_column_text css=\u00a0\u00bb\u00a0\u00bb el_class=\u00a0\u00bbtitlebuttonsameline\u00a0\u00bb]<strong>ANTENNES\u00a0<\/strong><br \/>\nConnexions infinies[\/vc_column_text]<a\thref=\"https:\/\/www.rosenfelt.eu\/fr\/antennes\/\" \n\t\t\t\tclass=\"button btn_medium btn_theme_color btn_rounded btn_3d    titlebuttonsameline\"  target='_self'><span>En savoir plus<\/span><\/a>[\/vc_column_inner][vc_column_inner width=\u00a0\u00bb1\/3&Prime;][vc_single_image img_size=\u00a0\u00bblarge\u00a0\u00bb alignment=\u00a0\u00bbcenter\u00a0\u00bb style=\u00a0\u00bbvc_box_shadow_3d\u00a0\u00bb onclick=\u00a0\u00bbcustom_link\u00a0\u00bb css=\u00a0\u00bb\u00a0\u00bb image=\u00a0\u00bb1225&Prime; el_class=\u00a0\u00bbproductimage\u00a0\u00bb link=\u00a0\u00bbhttps:\/\/www.rosenfelt.eu\/fr\/cables-coaxiaux\/\u00a0\u00bb][vc_column_text css=\u00a0\u00bb\u00a0\u00bb el_class=\u00a0\u00bbtitlebuttonsameline\u00a0\u00bb]<strong>CABLE COAXIAL<\/strong><br \/>\nDistance infinie[\/vc_column_text]<a\thref=\"https:\/\/www.rosenfelt.eu\/fr\/cables-coaxiaux\/\" \n\t\t\t\tclass=\"button btn_medium btn_theme_color btn_rounded btn_3d    titlebuttonsameline\"  target='_self'><span>En savoir plus<\/span><\/a>[\/vc_column_inner][\/vc_row_inner][\/vc_column][\/vc_row][vc_row full_width=\u00a0\u00bbstretch_row\u00a0\u00bb bg_type=\u00a0\u00bbbg_color\u00a0\u00bb bg_color_value=\u00a0\u00bb#1a1a1a\u00a0\u00bb css=\u00a0\u00bb.vc_custom_1665737337034{margin-top: -50px !important;margin-bottom: -50px !important;padding-top: 30px !important;padding-bottom: 105px !important;}\u00a0\u00bb][vc_column][vc_row_inner][vc_column_inner]<div class=\"boc_divider_holder\"><div class=\"boc_divider  \"  style=\"margin-bottom: 20px;height: 1px;background: #e21f1d;\"><\/div><\/div>[\/vc_column_inner][\/vc_row_inner][vc_row_inner][vc_column_inner width=\u00a0\u00bb1\/2&Prime; css=\u00a0\u00bb.vc_custom_1665736661324{padding-right: 50px !important;padding-left: 50px !important;}\u00a0\u00bb][vc_column_text css=\u00a0\u00bb\u00a0\u00bb]<\/p>\n<p style=\"color: #ffffff; text-align: left;\"><strong>A propos de nous\u00a0<\/strong><\/p>\n<p style=\"color: #ffffff; text-align: left;\">Nos produits Rosenfelt sont vendus partout dans le monde !<\/p>\n<p style=\"color: #ffffff; text-align: left;\">Rosenfelt a \u00e9t\u00e9 fond\u00e9e en 2013 \u00e0 Amsterdam, aux Pays-Bas. En constatant la probl\u00e9matique d\u2019avoir une mauvaise r\u00e9ception mobile au bureau, nous avons d\u00e9velopp\u00e9 des \u00e9quipements de haute qualit\u00e9 pour r\u00e9soudre ce probl\u00e8me.<\/p>\n<p style=\"color: #ffffff; text-align: left;\">Ce fut le d\u00e9but de la gamme de produits Rosenfelt R\u00e9p\u00e9teur GSM &amp; Accessoires. Les produits Rosenfelt ont rapidement conquis le march\u00e9 europ\u00e9en et mondial.<\/p>\n<p>[\/vc_column_text]<div class=\"boc_spacing \" style=\"height: 20px\"><\/div>[\/vc_column_inner][vc_column_inner width=\u00a0\u00bb1\/2&Prime; css=\u00a0\u00bb.vc_custom_1665736666134{padding-right: 50px !important;padding-left: 50px !important;}\u00a0\u00bb][vc_column_text css=\u00a0\u00bb\u00a0\u00bb]<\/p>\n<p style=\"color: #ffffff; text-align: left;\"><strong>Contactez-nous<\/strong><\/p>\n<p style=\"color: #ffffff; text-align: left;\">\u00cates-vous int\u00e9ress\u00e9 par nos produits? Tous nos produits sont vendus exclusivement sur notre site <a href=\"https:\/\/www.repeteur-gsm.fr\/\" target=\"_blank\" rel=\"noopener\">REPETEUR-GSM.fr.<\/a><\/p>\n<p style=\"color: #ffffff; text-align: left;\">Remplissez vos coordonn\u00e9es et nous reviendrons vers vous !<\/p>\n<p style=\"color: #ffffff; text-align: left;\">E-mail :<br \/>\n<a href=\"mailto:info@rosenfelt.eu\">info@rosenfelt.eu<\/a><\/p>\n<p style=\"color: #ffffff; text-align: left;\">Num\u00e9ro de t\u00e9l\u00e9phone :<br \/>\n<a href=\"tel:+33 (0) 4 88 91 28 35\">+33 (0) 4 88 91 28 35<\/a><\/p>\n<p>[\/vc_column_text]<div class=\"boc_spacing \" style=\"height: 20px\"><\/div>[\/vc_column_inner][\/vc_row_inner][\/vc_column][\/vc_row]<\/p>\n<\/div>","protected":false},"excerpt":{"rendered":"<p>[vc_row full_height=\u00a0\u00bbyes\u00a0\u00bb css=\u00a0\u00bb.vc_custom_1659436550199{margin-top: -180px !important;}\u00a0\u00bb][vc_column][\/vc_column][\/vc_row][vc_row][vc_column][vc_row_inner][vc_column_inner width=\u00a0\u00bb1\/6&Prime;][\/vc_column_inner][vc_column_inner width=\u00a0\u00bb2\/3&Prime;][vc_column_text css=\u00a0\u00bb.vc_custom_1725632871920{padding-bottom: 50px !important;}\u00a0\u00bb] Rosenfelt. Solutions de couverture mobile indoor r\u00e9serv\u00e9es aux professionnels [\/vc_column_text][vc_column_text css=\u00a0\u00bb.vc_custom_1725633000962{margin-top: -50px !important;}\u00a0\u00bb] Avez-vous d\u00e9j\u00e0 v\u00e9cu la frustration d\u2019avoir une mauvaise r\u00e9ception sur votre t\u00e9l\u00e9phone portable sur votre lieu de travail ou dans votre maison ? Les r\u00e9p\u00e9teurs GSM Rosenfelt offrent la possibilit\u00e9 de r\u00e9soudre cet inconv\u00e9nient. En utilisant les<\/p>\n<div class=\"h10\"><\/div>\n<p><a class=\"more-link1\" href=\"https:\/\/www.rosenfelt.eu\/fr\/\">Read more<\/a><\/p>\n","protected":false},"author":1,"featured_media":0,"parent":0,"menu_order":0,"comment_status":"closed","ping_status":"closed","template":"","meta":{"footnotes":""},"class_list":["post-1221","page","type-page","status-publish","hentry"],"yoast_head":"<!-- This site is optimized with the Yoast SEO plugin v26.4 - https:\/\/yoast.com\/wordpress\/plugins\/seo\/ -->\n<title>Home - Rosenfelt<\/title>\n<meta name=\"robots\" content=\"index, follow, max-snippet:-1, max-image-preview:large, max-video-preview:-1\" \/>\n<link rel=\"canonical\" href=\"https:\/\/www.rosenfelt.eu\/fr\/\" \/>\n<meta property=\"og:locale\" content=\"fr_FR\" \/>\n<meta property=\"og:type\" content=\"article\" \/>\n<meta property=\"og:title\" content=\"Home - Rosenfelt\" \/>\n<meta property=\"og:description\" content=\"[vc_row full_height=\u00a0\u00bbyes\u00a0\u00bb css=\u00a0\u00bb.vc_custom_1659436550199{margin-top: -180px !important;}\u00a0\u00bb][vc_column][\/vc_column][\/vc_row][vc_row][vc_column][vc_row_inner][vc_column_inner width=\u00a0\u00bb1\/6&Prime;][\/vc_column_inner][vc_column_inner width=\u00a0\u00bb2\/3&Prime;][vc_column_text css=\u00a0\u00bb.vc_custom_1725632871920{padding-bottom: 50px !important;}\u00a0\u00bb] Rosenfelt. Solutions de couverture mobile indoor r\u00e9serv\u00e9es aux professionnels [\/vc_column_text][vc_column_text css=\u00a0\u00bb.vc_custom_1725633000962{margin-top: -50px !important;}\u00a0\u00bb] Avez-vous d\u00e9j\u00e0 v\u00e9cu la frustration d\u2019avoir une mauvaise r\u00e9ception sur votre t\u00e9l\u00e9phone portable sur votre lieu de travail ou dans votre maison ? Les r\u00e9p\u00e9teurs GSM Rosenfelt offrent la possibilit\u00e9 de r\u00e9soudre cet inconv\u00e9nient. En utilisant lesRead more\" \/>\n<meta property=\"og:url\" content=\"https:\/\/www.rosenfelt.eu\/fr\/\" \/>\n<meta property=\"og:site_name\" content=\"Rosenfelt\" \/>\n<meta property=\"article:modified_time\" content=\"2025-11-26T11:09:30+00:00\" \/>\n<meta name=\"twitter:card\" content=\"summary_large_image\" \/>\n<meta name=\"twitter:label1\" content=\"Dur\u00e9e de lecture estim\u00e9e\" \/>\n\t<meta name=\"twitter:data1\" content=\"2 minutes\" \/>\n<script type=\"application\/ld+json\" class=\"yoast-schema-graph\">{\"@context\":\"https:\/\/schema.org\",\"@graph\":[{\"@type\":\"WebPage\",\"@id\":\"https:\/\/www.rosenfelt.eu\/fr\/\",\"url\":\"https:\/\/www.rosenfelt.eu\/fr\/\",\"name\":\"Home - Rosenfelt\",\"isPartOf\":{\"@id\":\"https:\/\/www.rosenfelt.eu\/fr\/#website\"},\"datePublished\":\"2022-08-02T07:18:04+00:00\",\"dateModified\":\"2025-11-26T11:09:30+00:00\",\"breadcrumb\":{\"@id\":\"https:\/\/www.rosenfelt.eu\/fr\/#breadcrumb\"},\"inLanguage\":\"fr-FR\",\"potentialAction\":[{\"@type\":\"ReadAction\",\"target\":[\"https:\/\/www.rosenfelt.eu\/fr\/\"]}]},{\"@type\":\"BreadcrumbList\",\"@id\":\"https:\/\/www.rosenfelt.eu\/fr\/#breadcrumb\",\"itemListElement\":[{\"@type\":\"ListItem\",\"position\":1,\"name\":\"Home\",\"item\":\"https:\/\/www.rosenfelt.eu\/fr\/\"},{\"@type\":\"ListItem\",\"position\":2,\"name\":\"Home\"}]},{\"@type\":\"WebSite\",\"@id\":\"https:\/\/www.rosenfelt.eu\/fr\/#website\",\"url\":\"https:\/\/www.rosenfelt.eu\/fr\/\",\"name\":\"Rosenfelt\",\"description\":\"GSM Repeater Systems &amp; Accessories\",\"publisher\":{\"@id\":\"https:\/\/www.rosenfelt.eu\/fr\/#organization\"},\"potentialAction\":[{\"@type\":\"SearchAction\",\"target\":{\"@type\":\"EntryPoint\",\"urlTemplate\":\"https:\/\/www.rosenfelt.eu\/fr\/?s={search_term_string}\"},\"query-input\":{\"@type\":\"PropertyValueSpecification\",\"valueRequired\":true,\"valueName\":\"search_term_string\"}}],\"inLanguage\":\"fr-FR\"},{\"@type\":\"Organization\",\"@id\":\"https:\/\/www.rosenfelt.eu\/fr\/#organization\",\"name\":\"Rosenfelt\",\"url\":\"https:\/\/www.rosenfelt.eu\/fr\/\",\"logo\":{\"@type\":\"ImageObject\",\"inLanguage\":\"fr-FR\",\"@id\":\"https:\/\/www.rosenfelt.eu\/fr\/#\/schema\/logo\/image\/\",\"url\":\"https:\/\/www.rosenfelt.eu\/wp-content\/uploads\/2022\/08\/rosenfelt-logo-1.png\",\"contentUrl\":\"https:\/\/www.rosenfelt.eu\/wp-content\/uploads\/2022\/08\/rosenfelt-logo-1.png\",\"width\":250,\"height\":99,\"caption\":\"Rosenfelt\"},\"image\":{\"@id\":\"https:\/\/www.rosenfelt.eu\/fr\/#\/schema\/logo\/image\/\"}}]}<\/script>\n<!-- \/ Yoast SEO plugin. -->","yoast_head_json":{"title":"Home - Rosenfelt","robots":{"index":"index","follow":"follow","max-snippet":"max-snippet:-1","max-image-preview":"max-image-preview:large","max-video-preview":"max-video-preview:-1"},"canonical":"https:\/\/www.rosenfelt.eu\/fr\/","og_locale":"fr_FR","og_type":"article","og_title":"Home - Rosenfelt","og_description":"[vc_row full_height=\u00a0\u00bbyes\u00a0\u00bb css=\u00a0\u00bb.vc_custom_1659436550199{margin-top: -180px !important;}\u00a0\u00bb][vc_column][\/vc_column][\/vc_row][vc_row][vc_column][vc_row_inner][vc_column_inner width=\u00a0\u00bb1\/6&Prime;][\/vc_column_inner][vc_column_inner width=\u00a0\u00bb2\/3&Prime;][vc_column_text css=\u00a0\u00bb.vc_custom_1725632871920{padding-bottom: 50px !important;}\u00a0\u00bb] Rosenfelt. Solutions de couverture mobile indoor r\u00e9serv\u00e9es aux professionnels [\/vc_column_text][vc_column_text css=\u00a0\u00bb.vc_custom_1725633000962{margin-top: -50px !important;}\u00a0\u00bb] Avez-vous d\u00e9j\u00e0 v\u00e9cu la frustration d\u2019avoir une mauvaise r\u00e9ception sur votre t\u00e9l\u00e9phone portable sur votre lieu de travail ou dans votre maison ? Les r\u00e9p\u00e9teurs GSM Rosenfelt offrent la possibilit\u00e9 de r\u00e9soudre cet inconv\u00e9nient. En utilisant lesRead more","og_url":"https:\/\/www.rosenfelt.eu\/fr\/","og_site_name":"Rosenfelt","article_modified_time":"2025-11-26T11:09:30+00:00","twitter_card":"summary_large_image","twitter_misc":{"Dur\u00e9e de lecture estim\u00e9e":"2 minutes"},"schema":{"@context":"https:\/\/schema.org","@graph":[{"@type":"WebPage","@id":"https:\/\/www.rosenfelt.eu\/fr\/","url":"https:\/\/www.rosenfelt.eu\/fr\/","name":"Home - Rosenfelt","isPartOf":{"@id":"https:\/\/www.rosenfelt.eu\/fr\/#website"},"datePublished":"2022-08-02T07:18:04+00:00","dateModified":"2025-11-26T11:09:30+00:00","breadcrumb":{"@id":"https:\/\/www.rosenfelt.eu\/fr\/#breadcrumb"},"inLanguage":"fr-FR","potentialAction":[{"@type":"ReadAction","target":["https:\/\/www.rosenfelt.eu\/fr\/"]}]},{"@type":"BreadcrumbList","@id":"https:\/\/www.rosenfelt.eu\/fr\/#breadcrumb","itemListElement":[{"@type":"ListItem","position":1,"name":"Home","item":"https:\/\/www.rosenfelt.eu\/fr\/"},{"@type":"ListItem","position":2,"name":"Home"}]},{"@type":"WebSite","@id":"https:\/\/www.rosenfelt.eu\/fr\/#website","url":"https:\/\/www.rosenfelt.eu\/fr\/","name":"Rosenfelt","description":"GSM Repeater Systems &amp; Accessories","publisher":{"@id":"https:\/\/www.rosenfelt.eu\/fr\/#organization"},"potentialAction":[{"@type":"SearchAction","target":{"@type":"EntryPoint","urlTemplate":"https:\/\/www.rosenfelt.eu\/fr\/?s={search_term_string}"},"query-input":{"@type":"PropertyValueSpecification","valueRequired":true,"valueName":"search_term_string"}}],"inLanguage":"fr-FR"},{"@type":"Organization","@id":"https:\/\/www.rosenfelt.eu\/fr\/#organization","name":"Rosenfelt","url":"https:\/\/www.rosenfelt.eu\/fr\/","logo":{"@type":"ImageObject","inLanguage":"fr-FR","@id":"https:\/\/www.rosenfelt.eu\/fr\/#\/schema\/logo\/image\/","url":"https:\/\/www.rosenfelt.eu\/wp-content\/uploads\/2022\/08\/rosenfelt-logo-1.png","contentUrl":"https:\/\/www.rosenfelt.eu\/wp-content\/uploads\/2022\/08\/rosenfelt-logo-1.png","width":250,"height":99,"caption":"Rosenfelt"},"image":{"@id":"https:\/\/www.rosenfelt.eu\/fr\/#\/schema\/logo\/image\/"}}]}},"_links":{"self":[{"href":"https:\/\/www.rosenfelt.eu\/fr\/wp-json\/wp\/v2\/pages\/1221","targetHints":{"allow":["GET"]}}],"collection":[{"href":"https:\/\/www.rosenfelt.eu\/fr\/wp-json\/wp\/v2\/pages"}],"about":[{"href":"https:\/\/www.rosenfelt.eu\/fr\/wp-json\/wp\/v2\/types\/page"}],"author":[{"embeddable":true,"href":"https:\/\/www.rosenfelt.eu\/fr\/wp-json\/wp\/v2\/users\/1"}],"replies":[{"embeddable":true,"href":"https:\/\/www.rosenfelt.eu\/fr\/wp-json\/wp\/v2\/comments?post=1221"}],"version-history":[{"count":12,"href":"https:\/\/www.rosenfelt.eu\/fr\/wp-json\/wp\/v2\/pages\/1221\/revisions"}],"predecessor-version":[{"id":1239,"href":"https:\/\/www.rosenfelt.eu\/fr\/wp-json\/wp\/v2\/pages\/1221\/revisions\/1239"}],"wp:attachment":[{"href":"https:\/\/www.rosenfelt.eu\/fr\/wp-json\/wp\/v2\/media?parent=1221"}],"curies":[{"name":"wp","href":"https:\/\/api.w.org\/{rel}","templated":true}]}}